{"id":9982,"date":"2018-05-23T08:57:23","date_gmt":"2018-05-23T08:57:23","guid":{"rendered":"https:\/\/bilbozaharra.eus\/?page_id=9982"},"modified":"2018-05-30T08:12:34","modified_gmt":"2018-05-30T08:12:34","slug":"kresala","status":"publish","type":"page","link":"https:\/\/bilbozaharra.eus\/es\/kresala\/","title":{"rendered":"Kresala"},"content":{"rendered":"<div class=\"wpb-content-wrapper\"><p>[vc_row][vc_column][vc_column_text]<\/p>\n<p>[\/vc_column_text][\/vc_column][\/vc_row][vc_row][vc_column width=\u201d1\/2&#8243;][vc_single_image image=\u201d9865&#8243; border_color=\u201dgrey\u201d img_link_large=\u201d\u201d img_link_target=\u201d_self\u201d css_animation=\u201dright-to-left\u201d img_size=\u201dlarge\u201d][\/vc_column][vc_column width=\u201d1\/2&#8243;][vc_column_text css_animation=\u201dright-to-left\u201d]<\/p>\n<ul>\n<li><a href=\"https:\/\/bilbozaharra.eus\/es\/forum-eta-irakurraldia\/klasikoen-irakurketa\/kresala\/txomin-agirre-biografia\/\">Txomin Agirre &#8211; Biograf\u00eda<\/a><\/li>\n<li><a href=\"https:\/\/bilbozaharra.eus\/es\/forum-eta-irakurraldia\/klasikoen-irakurketa\/kresala\/euskara-eta-euskaltzaindia\/\">50 aniversario del Euskera batua\u00a0y \u00a0Centenario de Euskaltzaindia<\/a><\/li>\n<li><a href=\"https:\/\/bilbozaharra.eus\/es\/euskaldun-fededun-kontzeptua\/\">Concepto Euskaldun fededun<\/a><\/li>\n<li><a href=\"http:\/\/www.ikasbil.eus\/web\/ikasbil\/atazak-fitxa?p_p_id=56_INSTANCE_Ta0p&amp;p_p_lifecycle=0&amp;p_p_state=normal&amp;p_p_mode=view&amp;p_p_col_id=column-1&amp;p_p_col_count=1&amp;groupId=10138&amp;articleId=23325883\">En la plataforma Ikasbil<\/a><\/li>\n<li><a href=\"https:\/\/youtu.be\/9IXldhjPj4A\"><em>Making off de la lectura de 2017<\/em><\/a><\/li>\n<li>El a\u00f1o pasado: <a href=\"https:\/\/bilbozaharra.eus\/forum-eta-irakurraldia\/klasikoen-irakurketa\/klasikoen-x-irakurketa-jarraitua-100-basque\/\">\u201c100% Basque\u201d<\/a><\/li>\n<\/ul>\n<p>[\/vc_column_text][\/vc_column][\/vc_row][vc_row][vc_column width=\u201d3\/4&#8243;][vc_column_text css_animation=\u201dright-to-left\u201d]<b>KRESALA<\/b><\/p>\n<p>L@s alumn@s y profesor@s de <strong>BILBO ZAHARRA <\/strong>euskaltegia hemos organizado por d\u00e9cima vez el evento <strong>\u201cLectura ininterrumpida de cl\u00e1sicos\u201d<\/strong> para final de curso, y dentro de la celebraci\u00f3n de la fiesta del alumnado. Lectura y fiesta.<\/p>\n<p>En a\u00f1os anteriores, <em>Gero<\/em>\u00a0de Axular, <em>Peru Abarca <\/em>de Mogel, <em>Haur besoetakoa<\/em>\u00a0de Jon Mirande, <em>Hamaika pauso<\/em>\u00a0de Saizarbitoria,\u00a0<em>Zergatik panpox<\/em>\u00a0de Arantxa Urretabizkaia,\u00a0<em>Obabakoak\u00a0<\/em>de Bernardo Atxaga,\u00a0<em>Harri eta\u00a0<\/em><em>herri<\/em>\u00a0de Gabriel Aresti, <em>Narrazioa Guztiak <\/em>de Joseba Sarrionandia,<em>\u00a0<\/em><em>L<\/em><em>a\u00a0<\/em><em>Metamorfosis<\/em>\u00a0de Franz Kafka, el a\u00f1o pasado \u00a0<em>%100 Basque<\/em> de Itxaro Borda, y este a\u00f1o <strong><em>Kresala<\/em> de Txomin Agirre<\/strong>.<\/p>\n<p>En las primeras cuatro ediciones, a la hora de elegir lo que se iba a leer, nos hemos servido del orden cronol\u00f3gico de las obras. Es decir, empezando por un libro del siglo XVI, siguiendo con otro del siglo XVII, llegando a la mitad del siglo XIX, y llegando casi al siglo XXI. Han sido tres saltos, dos de ellos de unos 160 a\u00f1os cada uno, y otro de unos 50, dentro de la historia de la literatura vasca. En las siguientes tres ediciones, por el contrario, hemos elegido otro tipo de criterios.<\/p>\n<p>En el caso de Zergatik panpox, el ser precursor de la mujer en la literatura; en el de Obabakoak, la celebraci\u00f3n del 25 aniversario desde su primera publicaci\u00f3n; en la edici\u00f3n del 2014, abrir las puertas a la pues\u00eda vasca, y de paso, celebrar el 50 aniversario de la publicaci\u00f3n del libro. Hace dos a\u00f1os, la celebraci\u00f3n de que las narraciones de Joseba Sarionandia llegaron a su fin hac\u00eda 25 a\u00f1os, y en 2016, por primera vez, quisimos reivindicar el valor y la importancia de la traducci\u00f3n. El a\u00f1o pasado, quisimos huir de los estereotipos, viniendo al presente y reivindicado el protagonismo de la mujer en la literatura vasca, con el libro de\u00a0Itxaro Bordar\u00a0<em>%100 Basque<\/em>. Este a\u00f1o, queremos realzar la importancia del bizkaino, celebrando, al mismo tiempo, los aniversarios de Euskaltzaindia y del Euskera batua. Para ello, el protagonismo ser\u00e1 de <em><strong>Kresala<\/strong><\/em>, la novela costumbrista de <strong>Txomin Agirre<\/strong>.<\/p>\n<p>Gran importancia, sin duda, la de la lectura-fiesta que llevaremos a cabo el <strong>7\u00a0de junio<\/strong>, como siempre en el <strong>teatro Arriaga<\/strong>. Doce horas, 400 lectores, 50 promotores sociales\u2026 tanto lectores como oyentes, est\u00e1is tod@s invitad@s a esta fiesta que une la literatura y el euskera.<\/p>\n<p>Este ha sido nuestro camino hasta ahora:<\/p>\n<p>&nbsp;<\/p>\n<p><strong>*<\/strong><strong><a href=\"https:\/\/bilbozaharra.eus\/forum-eta-irakurraldia\/klasikoen-irakurketa\/guero\/\"> Gero (1643)<\/a> <\/strong><\/p>\n<p><strong>* <a href=\"https:\/\/bilbozaharra.eus\/forum-eta-irakurraldia\/klasikoen-irakurketa\/peru-abarca\/\">Peru Abarca (1802)<\/a><\/strong><\/p>\n<p><strong>* <a href=\"https:\/\/bilbozaharra.eus\/forum-eta-irakurraldia\/klasikoen-irakurketa\/haur-besoetakoa\/\">Haur besoetakoa (1959)<\/a><\/strong><\/p>\n<p><strong>* <a href=\"https:\/\/bilbozaharra.eus\/forum-eta-irakurraldia\/klasikoen-irakurketa\/hamaika-pauso\/\">Hamaika pauso (1995)<\/a><\/strong><\/p>\n<p><strong>* <a href=\"https:\/\/bilbozaharra.eus\/forum-eta-irakurraldia\/klasikoen-irakurketa\/zergatik_panpox\/\">Zergatik panpox (1979)<\/a><\/strong><\/p>\n<p><strong>* <a href=\"https:\/\/bilbozaharra.eus\/forum-eta-irakurraldia\/klasikoen-irakurketa\/obabakoak-25-urte\/\">Obabakoak (1988)<\/a><\/strong><\/p>\n<p><strong>* <a href=\"https:\/\/bilbozaharra.eus\/forum-eta-irakurraldia\/klasikoen-irakurketa\/harri-eta-herri-50-urte\/\">Harri eta herri (1964)<\/a><\/strong><\/p>\n<p><strong>* <a href=\"https:\/\/bilbozaharra.eus\/forum-eta-irakurraldia\/klasikoen-irakurketa\/narrazio-guztiak\/\">Narrazio guztiak (1990)<\/a><\/strong><\/p>\n<p><strong>* <a href=\"https:\/\/bilbozaharra.eus\/forum-eta-irakurraldia\/klasikoen-irakurketa\/metamorfosia\/\">Metamorfosia (1916)<\/a><\/strong><\/p>\n<p><strong>* <a href=\"https:\/\/bilbozaharra.eus\/forum-eta-irakurraldia\/klasikoen-irakurketa\/klasikoen-x-irakurketa-jarraitua-100-basque\/\">%100 Basque (2001)<\/a><\/strong><\/p>\n<p><strong>* <a href=\"https:\/\/bilbozaharra.eus\/es\/forum-eta-irakurraldia\/klasikoen-irakurketa\/kresala\/\">Kresala (1906)<\/a><\/strong>[\/vc_column_text][\/vc_column][vc_column width=\u201d1\/4&#8243;][vc_single_image border_color=\u201dgrey\u201d img_link_large=\u201d\u201d img_link_target=\u201d_self\u201d css_animation=\u201dright-to-left\u201d img_size=\u201d328&#215;614&#8243; image=\u201d9900&#8243;][\/vc_column][\/vc_row][vc_row][vc_column width=\u201d1\/1&#8243;]\n<table id=\"tablepress-47\" class=\"tablepress tablepress-id-47 tbody-has-connected-cells\">\n<tbody>\n<tr class=\"row-1\">\n\t<td class=\"column-1\"><\/td><td class=\"column-2\"><strong><a href=\"https:\/\/bilbozaharra.eus\/forum-eta-irakurraldia\/klasikoen-irakurketa\/linguae-vasconum-primitiae\/\">LINGUAE VASCONUM PRIMITIAE <\/a><\/strong>(1545)<\/td><td rowspan=\"2\" class=\"column-3\">XVI<\/td>\n<\/tr>\n<tr class=\"row-2\">\n\t<td class=\"column-1\">Iesus Christ Gvre Iavnaren Testamentv Berria (1571)<\/td><td class=\"column-2\"><\/td>\n<\/tr>\n<tr class=\"row-3\">\n\t<td class=\"column-1\"><\/td><td class=\"column-2\">Manual debozionezkoa (1627)<\/td><td rowspan=\"3\" class=\"column-3\">XVII<\/td>\n<\/tr>\n<tr class=\"row-4\">\n\t<td class=\"column-1\"><strong><a href=\"https:\/\/bilbozaharra.eus\/forum-eta-irakurraldia\/klasikoen-irakurketa\/guero\/\">GVERO<\/a><\/strong> (1643)<\/td><td class=\"column-2\"><\/td>\n<\/tr>\n<tr class=\"row-5\">\n\t<td class=\"column-1\"><\/td><td class=\"column-2\">Oihenarten gaztaroa neurtitzetan (1657)<\/td>\n<\/tr>\n<tr class=\"row-6\">\n\t<td class=\"column-1\">Eskuararen hatsapenak (1718)<\/td><td class=\"column-2\"><\/td><td rowspan=\"2\" class=\"column-3\">XVIII<\/td>\n<\/tr>\n<tr class=\"row-7\">\n\t<td class=\"column-1\"><\/td><td class=\"column-2\">Euskararen berri onak (1761)<\/td>\n<\/tr>\n<tr class=\"row-8\">\n\t<td class=\"column-1\"><strong><a href=\"https:\/\/bilbozaharra.eus\/forum-eta-irakurraldia\/klasikoen-irakurketa\/peru-abarca\/\">PERU ABARCA<\/a><\/strong> (1802)<\/td><td class=\"column-2\"><\/td><td rowspan=\"4\" class=\"column-3\">XIX<\/td>\n<\/tr>\n<tr class=\"row-9\">\n\t<td class=\"column-1\"><\/td><td class=\"column-2\"><strong><a href=\"https:\/\/bilbozaharra.eus\/forum-eta-irakurraldia\/klasikoen-irakurketa\/ipui-onac\/\">IPUI ONAC<\/a><\/strong> (1804)<\/td>\n<\/tr>\n<tr class=\"row-10\">\n\t<td class=\"column-1\">Iparragirre (1839)<\/td><td class=\"column-2\"><\/td>\n<\/tr>\n<tr class=\"row-11\">\n\t<td class=\"column-1\"><\/td><td class=\"column-2\">Bi saindu euskaldunen bizia (1867)<\/td>\n<\/tr>\n<tr class=\"row-12\">\n\t<td class=\"column-1\"><strong><a href=\"https:\/\/bilbozaharra.eus\/forum-eta-irakurraldia\/klasikoen-irakurketa\/kresala\/\">KRESALA<\/a><\/strong> (1906)<\/td><td class=\"column-2\"><\/td><td rowspan=\"11\" class=\"column-3\">XX<\/td>\n<\/tr>\n<tr class=\"row-13\">\n\t<td class=\"column-1\"><\/td><td class=\"column-2\"><strong><a href=\"https:\/\/bilbozaharra.eus\/forum-eta-irakurraldia\/klasikoen-irakurketa\/metamorfosia\/\">METAMORFOSIA<\/a><\/strong> (1916)<\/td>\n<\/tr>\n<tr class=\"row-14\">\n\t<td class=\"column-1\"><strong><a href=\"https:\/\/bilbozaharra.eus\/forum-eta-irakurraldia\/klasikoen-irakurketa\/leturiaren-egunkari-ezezeaguna\/\">LETURIAREN EGUNKARI EZKUTUA<\/a><\/strong> (1957)<\/td><td class=\"column-2\"><\/td>\n<\/tr>\n<tr class=\"row-15\">\n\t<td class=\"column-1\"><\/td><td class=\"column-2\"><strong><a href=\"https:\/\/bilbozaharra.eus\/forum-eta-irakurraldia\/klasikoen-irakurketa\/haur-besoetakoa\/\">HAUR BESOETAKOA<\/a><\/strong> (1959)<\/td>\n<\/tr>\n<tr class=\"row-16\">\n\t<td class=\"column-1\"><strong><a href=\"https:\/\/bilbozaharra.eus\/forum-eta-irakurraldia\/klasikoen-irakurketa\/harri-eta-herri-50-urte\/\">HARRI ETA HERRI<\/a><\/strong> (1964)<\/td><td class=\"column-2\"><\/td>\n<\/tr>\n<tr class=\"row-17\">\n\t<td class=\"column-1\"><\/td><td class=\"column-2\"><strong><a href=\"https:\/\/bilbozaharra.eus\/forum-eta-irakurraldia\/klasikoen-irakurketa\/zergatik_panpox\/\">ZERGATIK PANPOX<\/a><\/strong> (1979)<\/td>\n<\/tr>\n<tr class=\"row-18\">\n\t<td class=\"column-1\"><strong><a href=\"https:\/\/bilbozaharra.eus\/forum-eta-irakurraldia\/klasikoen-irakurketa\/narrazio-guztiak\/\">NARRAZIO GUZTIAK<\/a><\/strong> (1979-1990)<\/td><td class=\"column-2\"><\/td>\n<\/tr>\n<tr class=\"row-19\">\n\t<td class=\"column-1\"><\/td><td class=\"column-2\"><strong><a href=https:\/\/bilbozaharra.eus\/forum-eta-irakurraldia\/klasikoen-irakurketa\/mariasun-landaren-ipuin-hautatuak\/\/\">IPUIN HAUTATUAK<\/a><\/strong> (1982-2016)<\/td>\n<\/tr>\n<tr class=\"row-20\">\n\t<td class=\"column-1\"><strong><a href=\"https:\/\/bilbozaharra.eus\/forum-eta-irakurraldia\/klasikoen-irakurketa\/obabakoak-25-urte\/\">OBABAKOAK<\/a><\/strong> (1988)<\/td><td class=\"column-2\"><\/td>\n<\/tr>\n<tr class=\"row-21\">\n\t<td class=\"column-1\"><\/td><td class=\"column-2\"><strong><a href=\"https:\/\/bilbozaharra.eus\/forum-eta-irakurraldia\/klasikoen-irakurketa\/otto-pette\/\">OTTO PETTE<\/a><\/strong> (1994)<\/td>\n<\/tr>\n<tr class=\"row-22\">\n\t<td class=\"column-1\"><strong><a href=\"https:\/\/bilbozaharra.eus\/forum-eta-irakurraldia\/klasikoen-irakurketa\/hamaika-pauso\/\">HAMAIKA PAUSO<\/a><\/strong> (1995)<\/td><td class=\"column-2\"><\/td>\n<\/tr>\n<tr class=\"row-23\">\n\t<td class=\"column-1\"><\/td><td class=\"column-2\"><strong><a href=\"https:\/\/bilbozaharra.eus\/forum-eta-irakurraldia\/klasikoen-irakurketa\/klasikoen-x-irakurketa-jarraitua-100-basque\/\">%100 BASQUE<\/a><\/strong> (2001)<\/td><td rowspan=\"4\" class=\"column-3\">XXI<\/td>\n<\/tr>\n<tr class=\"row-24\">\n\t<td class=\"column-1\"><strong><a href=\"https:\/\/bilbozaharra.eus\/forum-eta-irakurraldia\/bilbao-new-york-bilbao\/\">BILBAO-NEW YORK-BILBAO<\/a><\/strong> (2008)<\/td><td class=\"column-2\"><\/td>\n<\/tr>\n<tr class=\"row-25\">\n\t<td class=\"column-1\"><\/td><td class=\"column-2\"><strong><a href=\"https:\/\/bilbozaharra.eus\/forum-eta-irakurraldia\/klasikoen-irakurketa\/martutene-10-urte\/\">MARTUTENE<\/a><\/strong> (2012)<\/td>\n<\/tr>\n<tr class=\"row-26\">\n\t<td class=\"column-1\"><strong><a href=\"https:\/\/bilbozaharra.eus\/forum-eta-irakurraldia\/klasikoen-irakurketa\/kristalezko-begi-bat\/\">KRISTALEZKO BEGI BAT<\/a><\/strong> (2013)<\/td><td class=\"column-2\"><\/td>\n<\/tr>\n<\/tbody>\n<\/table>\n<!-- #tablepress-47 from cache -->[\/vc_column][\/vc_row]<\/p>\n<\/div>","protected":false},"excerpt":{"rendered":"<p>[vc_row][vc_column][vc_column_text] [\/vc_column_text][\/vc_column][\/vc_row][vc_row][vc_column width=\u201d1\/2&#8243;][vc_single_image image=\u201d9865&#8243; border_color=\u201dgrey\u201d img_link_large=\u201d\u201d img_link_target=\u201d_self\u201d css_animation=\u201dright-to-left\u201d img_size=\u201dlarge\u201d][\/vc_column][vc_column width=\u201d1\/2&#8243;][vc_column_text css_animation=\u201dright-to-left\u201d] Txomin Agirre &#8211; Biograf\u00eda 50 aniversario del Euskera batua\u00a0y \u00a0Centenario de Euskaltzaindia Concepto Euskaldun fededun En la plataforma Ikasbil Making off de la lectura de 2017 El a\u00f1o pasado: \u201c100% Basque\u201d [\/vc_column_text][\/vc_column][\/vc_row][vc_row][vc_column width=\u201d3\/4&#8243;][vc_column_text css_animation=\u201dright-to-left\u201d]KRESALA L@s alumn@s y profesor@s de BILBO ZAHARRA euskaltegia hemos organizado por d\u00e9cima vez el evento [&hellip;]<\/p>\n","protected":false},"author":2,"featured_media":9417,"parent":0,"menu_order":131,"comment_status":"closed","ping_status":"closed","template":"","meta":{"_acf_changed":false,"footnotes":""},"categories":[83,89],"tags":[],"class_list":["post-9982","page","type-page","status-publish","has-post-thumbnail","hentry","category-lectura-de-clasicos","category-noticias"],"acf":[],"_links":{"self":[{"href":"https:\/\/bilbozaharra.eus\/es\/wp-json\/wp\/v2\/pages\/9982","targetHints":{"allow":["GET"]}}],"collection":[{"href":"https:\/\/bilbozaharra.eus\/es\/wp-json\/wp\/v2\/pages"}],"about":[{"href":"https:\/\/bilbozaharra.eus\/es\/wp-json\/wp\/v2\/types\/page"}],"author":[{"embeddable":true,"href":"https:\/\/bilbozaharra.eus\/es\/wp-json\/wp\/v2\/users\/2"}],"replies":[{"embeddable":true,"href":"https:\/\/bilbozaharra.eus\/es\/wp-json\/wp\/v2\/comments?post=9982"}],"version-history":[{"count":0,"href":"https:\/\/bilbozaharra.eus\/es\/wp-json\/wp\/v2\/pages\/9982\/revisions"}],"wp:featuredmedia":[{"embeddable":true,"href":"https:\/\/bilbozaharra.eus\/es\/wp-json\/wp\/v2\/media\/9417"}],"wp:attachment":[{"href":"https:\/\/bilbozaharra.eus\/es\/wp-json\/wp\/v2\/media?parent=9982"}],"wp:term":[{"taxonomy":"category","embeddable":true,"href":"https:\/\/bilbozaharra.eus\/es\/wp-json\/wp\/v2\/categories?post=9982"},{"taxonomy":"post_tag","embeddable":true,"href":"https:\/\/bilbozaharra.eus\/es\/wp-json\/wp\/v2\/tags?post=9982"}],"curies":[{"name":"wp","href":"https:\/\/api.w.org\/{rel}","templated":true}]}}