{"id":9398,"date":"2017-04-10T08:00:20","date_gmt":"2017-04-10T07:00:20","guid":{"rendered":"https:\/\/bilbozaharra.eus\/es\/forum-y-lectura\/lecturas-de-clasicos\/klasikoen-x-irakurketa-jarraitua-100-basque\/"},"modified":"2025-07-18T22:32:00","modified_gmt":"2025-07-18T21:32:00","slug":"x-lectura-de-clasicos-ininterumpida-100-basque","status":"publish","type":"page","link":"https:\/\/bilbozaharra.eus\/es\/forum-eta-irakurraldia\/lecturas-de-clasicos\/x-lectura-de-clasicos-ininterumpida-100-basque\/","title":{"rendered":"\u201c%100 Basque\u201d"},"content":{"rendered":"<p>L@s alumn@s y profesor@s de <strong>BILBO ZAHARRA <\/strong>euskaltegia hemos organizado por d\u00e9cima vez el evento <strong>\u201cLectura ininterrumpida de cl\u00e1sicos\u201d<\/strong> para final de curso, y dentro de la celebraci\u00f3n de la \u201cfiesta del alumnado. Lectura y fiesta.<\/p>\n<p>En a\u00f1os anteriores, <em>Gero<\/em>\u00a0de Axular, <em>Peru Abarca <\/em>de Mogel, <em>Haur besoetakoa<\/em>\u00a0de Jon Mirande, <em>Hamaika pauso<\/em>\u00a0de Saizarbitoria,\u00a0<em>Zergatik panpox<\/em>\u00a0de Arantxa Urretabizkaia,\u00a0<em>Obabakoak\u00a0<\/em>de Bernardo Atxaga,\u00a0<em>Harri eta\u00a0<\/em><em>herri<\/em>\u00a0de Gabriel Aresti, <em>Narrazioa Guztiak <\/em>de Joseba Sarrionandia,<em>\u00a0<\/em>el a\u00f1o pasado<em>\u00a0L<\/em><em>a\u00a0<\/em><em>Metamorfosis<\/em>\u00a0de Franz Kafka, y este a\u00f1o <strong><em><a href=\"https:\/\/bilbozaharra.eus\/forum-eta-irakurraldia\/klasikoen-irakurketa\/klasikoen-x-irakurketa-jarraitua-100-basque\/\">%100 Basque<\/a><\/em> de Itxaro Borda.<\/strong><\/p>\n<p><img decoding=\"async\" class=\"alignright wp-image-9379\" src=\"https:\/\/bilbozaharra.eus\/wp-content\/uploads\/2017\/04\/100-basque-portada-631x1024.jpg\" alt=\"\" width=\"303\" height=\"491\" srcset=\"https:\/\/bilbozaharra.eus\/wp-content\/uploads\/2017\/04\/100-basque-portada-631x1024.jpg 631w, https:\/\/bilbozaharra.eus\/wp-content\/uploads\/2017\/04\/100-basque-portada-185x300.jpg 185w, https:\/\/bilbozaharra.eus\/wp-content\/uploads\/2017\/04\/100-basque-portada-768x1247.jpg 768w, https:\/\/bilbozaharra.eus\/wp-content\/uploads\/2017\/04\/100-basque-portada-672x1091.jpg 672w, https:\/\/bilbozaharra.eus\/wp-content\/uploads\/2017\/04\/100-basque-portada-480x779.jpg 480w, https:\/\/bilbozaharra.eus\/wp-content\/uploads\/2017\/04\/100-basque-portada.jpg 779w\" sizes=\"(max-width: 303px) 100vw, 303px\" \/>En las primeras cuatro ediciones, a la hora de elegir lo que se iba a leer, nos hemos servido del orden cronol\u00f3gico de las obras. Es decir, empezando por un libro del siglo XVI, siguiendo con otro del siglo XVII, llegando a la mitad del siglo XIX, y llegando casi al siglo XXI. Han sido tres saltos, dos de ellos de unos 160 a\u00f1os cada uno, y otro de unos 50, dentro de la historia de la literatura vasca. En las siguientes tres ediciones, por el contrario, hemos elegido otro tipo de criterios.<\/p>\n<p>En el caso de Zergatik panpox, el ser precursor de la mujer en la literatura; en el de Obabakoak, la celebraci\u00f3n del 25 aniversario desde su primera publicaci\u00f3n; en la edici\u00f3n del 2014, abrir las puertas a la pues\u00eda vasca, y de paso, celebrar el 50 aniversario de la publicaci\u00f3n del libro. Hace dos a\u00f1os, la celebraci\u00f3n de que las narraciones de Joseba Sarionandia llegaron a su fin hac\u00eda 25 a\u00f1os, y el a\u00f1o pasado, por primera vez, quisimos reivindicar el valor y la importancia de laaa traducci\u00f3n. Este a\u00f1o, queremos huir de los estereotipos, viniendo al presente y reivindicado el protagonismo de la mujer en la literatura vasca, con el libro de\u00a0<a href=\"https:\/\/bilbozaharra.eus\/forum-eta-irakurraldia\/klasikoen-irakurketa\/itxaro-borda-biografia\/\">Itxaro Bordar\u00a0<\/a><strong>%100 Basque<\/strong>.<\/p>\n<p>Gran importancia, sin duda, la de la lectura-fiesta que llevaremos a cabo el <strong>8\u00a0de junio<\/strong>, como siempre en el <strong>teatro Arriaga<\/strong>. Doce horas, 400 lectores, 50 promotores sociales&#8230; tanto lectores como oyentes, est\u00e1is tod@s invitad@s a esta fiesta que une la literatura y el euskera.<\/p>\n<hr \/>\n<p>&nbsp;<\/p>\n","protected":false},"excerpt":{"rendered":"<p>L@s alumn@s y profesor@s de BILBO ZAHARRA euskaltegia hemos organizado por d\u00e9cima vez el evento \u201cLectura ininterrumpida de cl\u00e1sicos\u201d para final de curso, y dentro de la celebraci\u00f3n de la \u201cfiesta del alumnado. Lectura y fiesta. En a\u00f1os anteriores, Gero\u00a0de Axular, Peru Abarca de Mogel, Haur besoetakoa\u00a0de Jon Mirande, Hamaika pauso\u00a0de Saizarbitoria,\u00a0Zergatik panpox\u00a0de Arantxa Urretabizkaia,\u00a0Obabakoak\u00a0de Bernardo Atxaga,\u00a0Harri eta\u00a0herri\u00a0de Gabriel Aresti, [&hellip;]<\/p>\n","protected":false},"author":2,"featured_media":15567,"parent":7336,"menu_order":26,"comment_status":"closed","ping_status":"closed","template":"page-templates\/irakurketa.php","meta":{"_acf_changed":false,"footnotes":""},"categories":[162],"tags":[],"class_list":["post-9398","page","type-page","status-publish","has-post-thumbnail","hentry","category-lectura-de-clasicos-inicio"],"acf":[],"_links":{"self":[{"href":"https:\/\/bilbozaharra.eus\/es\/wp-json\/wp\/v2\/pages\/9398","targetHints":{"allow":["GET"]}}],"collection":[{"href":"https:\/\/bilbozaharra.eus\/es\/wp-json\/wp\/v2\/pages"}],"about":[{"href":"https:\/\/bilbozaharra.eus\/es\/wp-json\/wp\/v2\/types\/page"}],"author":[{"embeddable":true,"href":"https:\/\/bilbozaharra.eus\/es\/wp-json\/wp\/v2\/users\/2"}],"replies":[{"embeddable":true,"href":"https:\/\/bilbozaharra.eus\/es\/wp-json\/wp\/v2\/comments?post=9398"}],"version-history":[{"count":7,"href":"https:\/\/bilbozaharra.eus\/es\/wp-json\/wp\/v2\/pages\/9398\/revisions"}],"predecessor-version":[{"id":16348,"href":"https:\/\/bilbozaharra.eus\/es\/wp-json\/wp\/v2\/pages\/9398\/revisions\/16348"}],"up":[{"embeddable":true,"href":"https:\/\/bilbozaharra.eus\/es\/wp-json\/wp\/v2\/pages\/7336"}],"wp:featuredmedia":[{"embeddable":true,"href":"https:\/\/bilbozaharra.eus\/es\/wp-json\/wp\/v2\/media\/15567"}],"wp:attachment":[{"href":"https:\/\/bilbozaharra.eus\/es\/wp-json\/wp\/v2\/media?parent=9398"}],"wp:term":[{"taxonomy":"category","embeddable":true,"href":"https:\/\/bilbozaharra.eus\/es\/wp-json\/wp\/v2\/categories?post=9398"},{"taxonomy":"post_tag","embeddable":true,"href":"https:\/\/bilbozaharra.eus\/es\/wp-json\/wp\/v2\/tags?post=9398"}],"curies":[{"name":"wp","href":"https:\/\/api.w.org\/{rel}","templated":true}]}}