{"id":8978,"date":"2016-03-23T08:00:31","date_gmt":"2016-03-23T07:00:31","guid":{"rendered":"https:\/\/bilbozaharra.eus\/es\/forum-y-lectura\/lecturas-de-clasicos\/metamorfosia\/"},"modified":"2025-07-23T19:19:28","modified_gmt":"2025-07-23T18:19:28","slug":"metamorfosis","status":"publish","type":"page","link":"https:\/\/bilbozaharra.eus\/es\/forum-eta-irakurraldia\/lecturas-de-clasicos\/metamorfosis\/","title":{"rendered":"\u201cMetamorfosis\u201d"},"content":{"rendered":"<p>L@s alumn@s y profesor@s de <strong>BILBO ZAHARRA <\/strong>euskaltegia hemos organizado por novena vez el evento \u201cLectura ininterrumpida de cl\u00e1sicos\u201d para final de curso, y dentro de la celebraci\u00f3n de la \u201cfiesta del alumnado. Lectura y fiesta.<\/p>\n<p>En a\u00f1os anteriores, <em>Gero<\/em>\u00a0de Axular, <em>Peru Abarca <\/em>de Mogel, <em>Haur besoetakoa<\/em>\u00a0de Jon Mirande, <em>Hamaika pauso<\/em>\u00a0de Saizarbitoria,\u00a0<em>Zergatik panpox<\/em>\u00a0de Arantxa Urretabizkaia,\u00a0<em>Obabakoak\u00a0<\/em>de Bernardo Atxaga,\u00a0<em>Harri eta\u00a0<\/em><em>herri<\/em>\u00a0de Gabriel Aresti, el a\u00f1o pasado\u00a0<em>Narrazioa Guztiak <\/em>de Joseba Sarrionandia,<em>\u00a0<\/em>y este a\u00f1o,<strong><em> La\u00a0<\/em><em>Metamorfosis<\/em>\u00a0de Franz Kafka.<\/strong><\/p>\n<p><strong><em><img decoding=\"async\" class=\"alignright wp-image-16000\" src=\"https:\/\/bilbozaharra.eus\/wp-content\/uploads\/2025\/07\/metamorfosia-300x464.jpg\" alt=\"\" width=\"263\" height=\"407\" srcset=\"https:\/\/bilbozaharra.eus\/wp-content\/uploads\/2025\/07\/metamorfosia-300x464.jpg 300w, https:\/\/bilbozaharra.eus\/wp-content\/uploads\/2025\/07\/metamorfosia-768x1187.jpg 768w, https:\/\/bilbozaharra.eus\/wp-content\/uploads\/2025\/07\/metamorfosia-672x1039.jpg 672w, https:\/\/bilbozaharra.eus\/wp-content\/uploads\/2025\/07\/metamorfosia-480x742.jpg 480w, https:\/\/bilbozaharra.eus\/wp-content\/uploads\/2025\/07\/metamorfosia.jpg 797w\" sizes=\"(max-width: 263px) 100vw, 263px\" \/><\/em>Este a\u00f1o se cumplen 100 A\u00d1OS desde que Kafka escribi\u00f3\u201dLa Metamorfosis\u201d<\/strong>, y nosotros aprovechamos ese aniversario para reivindicar la importancia y el valor de la traducci\u00f3n. En este caso leeremos la traducci\u00f3n de <strong>Anton Garikano.\u00a0<\/strong><\/p>\n<p>Gran importancia, sin duda, la de la lectura-fiesta que llevaremos a cabo el <strong>9 de junio<\/strong>, como siempre en el <strong>teatro Arriaga<\/strong>. Doce horas, 400 lectores, 50 promotores sociales&#8230; tanto lectores como oyentes, est\u00e1is tod@s invitad@s a esta fiesta que une la literatura y el euskera.<\/p>\n<hr \/>\n<p>&nbsp;<\/p>\n","protected":false},"excerpt":{"rendered":"<p>L@s alumn@s y profesor@s de BILBO ZAHARRA euskaltegia hemos organizado por novena vez el evento \u201cLectura ininterrumpida de cl\u00e1sicos\u201d para final de curso, y dentro de la celebraci\u00f3n de la \u201cfiesta del alumnado. Lectura y fiesta. En a\u00f1os anteriores, Gero\u00a0de Axular, Peru Abarca de Mogel, Haur besoetakoa\u00a0de Jon Mirande, Hamaika pauso\u00a0de Saizarbitoria,\u00a0Zergatik panpox\u00a0de Arantxa Urretabizkaia,\u00a0Obabakoak\u00a0de Bernardo Atxaga,\u00a0Harri eta\u00a0herri\u00a0de Gabriel Aresti, [&hellip;]<\/p>\n","protected":false},"author":2,"featured_media":15506,"parent":7336,"menu_order":50,"comment_status":"closed","ping_status":"closed","template":"page-templates\/irakurketa.php","meta":{"_acf_changed":false,"footnotes":""},"categories":[162,101],"tags":[],"class_list":["post-8978","page","type-page","status-publish","has-post-thumbnail","hentry","category-lectura-de-clasicos-inicio","category-metamorfosia-es"],"acf":[],"_links":{"self":[{"href":"https:\/\/bilbozaharra.eus\/es\/wp-json\/wp\/v2\/pages\/8978","targetHints":{"allow":["GET"]}}],"collection":[{"href":"https:\/\/bilbozaharra.eus\/es\/wp-json\/wp\/v2\/pages"}],"about":[{"href":"https:\/\/bilbozaharra.eus\/es\/wp-json\/wp\/v2\/types\/page"}],"author":[{"embeddable":true,"href":"https:\/\/bilbozaharra.eus\/es\/wp-json\/wp\/v2\/users\/2"}],"replies":[{"embeddable":true,"href":"https:\/\/bilbozaharra.eus\/es\/wp-json\/wp\/v2\/comments?post=8978"}],"version-history":[{"count":6,"href":"https:\/\/bilbozaharra.eus\/es\/wp-json\/wp\/v2\/pages\/8978\/revisions"}],"predecessor-version":[{"id":16406,"href":"https:\/\/bilbozaharra.eus\/es\/wp-json\/wp\/v2\/pages\/8978\/revisions\/16406"}],"up":[{"embeddable":true,"href":"https:\/\/bilbozaharra.eus\/es\/wp-json\/wp\/v2\/pages\/7336"}],"wp:featuredmedia":[{"embeddable":true,"href":"https:\/\/bilbozaharra.eus\/es\/wp-json\/wp\/v2\/media\/15506"}],"wp:attachment":[{"href":"https:\/\/bilbozaharra.eus\/es\/wp-json\/wp\/v2\/media?parent=8978"}],"wp:term":[{"taxonomy":"category","embeddable":true,"href":"https:\/\/bilbozaharra.eus\/es\/wp-json\/wp\/v2\/categories?post=8978"},{"taxonomy":"post_tag","embeddable":true,"href":"https:\/\/bilbozaharra.eus\/es\/wp-json\/wp\/v2\/tags?post=8978"}],"curies":[{"name":"wp","href":"https:\/\/api.w.org\/{rel}","templated":true}]}}