{"id":8373,"date":"2024-07-22T08:00:21","date_gmt":"2024-07-22T07:00:21","guid":{"rendered":"http:\/\/bilbozaharra.eus\/es\/curso-1516\/autoikaskuntza\/"},"modified":"2024-07-22T12:36:23","modified_gmt":"2024-07-22T11:36:23","slug":"autoaprendizaje","status":"publish","type":"page","link":"https:\/\/bilbozaharra.eus\/es\/autoaprendizaje\/","title":{"rendered":"Autoaprendizaje online"},"content":{"rendered":"<div class=\"wpb-content-wrapper\"><p>[vc_row][vc_column width=\u201d2\/3&#8243;][vc_column_text css_animation=\u201dright-to-left\u201d]Flexibilidad absoluta de horarios para aprender euskera: abierta todo el d\u00eda, incluso s\u00e1bados por la ma\u00f1ana.<\/p>\n<p>Siempre bajo la supervisi\u00f3n de un\/a profesor\/a o tutor\/a. Cuando t\u00fa quieras, el tiempo que quieras. Diferentes duraciones y posibilidades de matr\u00edcula.<\/p>\n<p>Con el apoyo del sistema inform\u00e1tico BOGA, el programa inform\u00e1tico dise\u00f1ado por HABE. Podr\u00e1s utilizarlo sin l\u00edmite de horas y, adem\u00e1s, tendr\u00e1s una sesi\u00f3n de oratoria a la semana con un tutor o tutora.<\/p>\n<p>Cursos dise\u00f1ados en funci\u00f3n de las necesidades de cada alumno\/a.<\/p>\n<p>Niveles A1, A2, B1, B2 y C1 de HABE, preparaci\u00f3n de perfiles ling\u00fc\u00edsticos de educaci\u00f3n, administraci\u00f3n, Escuela de Idiomas\u2026[\/vc_column_text]\n<table id=\"tablepress-Autoaprendizaje\" class=\"tablepress tablepress-id-Autoaprendizaje\">\n<thead>\n<tr class=\"row-1\">\n\t<th class=\"column-1\">MODALIDAD<\/th><td class=\"column-2\"><\/td><th class=\"column-3\">PRECIO<\/th><td class=\"column-4\"><\/td>\n<\/tr>\n<\/thead>\n<tbody class=\"row-striping row-hover\">\n<tr class=\"row-2\">\n\t<td class=\"column-1\">MIX<\/td><td class=\"column-2\">9 Meses<\/td><td class=\"column-3\">1.200,00\u00a0\u20ac<\/td><td class=\"column-4\"><\/td>\n<\/tr>\n<tr class=\"row-3\">\n\t<td class=\"column-1\">MIX<\/td><td class=\"column-2\">3 Meses<\/td><td class=\"column-3\">475,00\u00a0\u20ac<\/td><td class=\"column-4\"><\/td>\n<\/tr>\n<tr class=\"row-4\">\n\t<td class=\"column-1\">ON LINE<\/td><td class=\"column-2\">9 Meses<\/td><td class=\"column-3\">515,00\u00a0\u20ac<\/td><td class=\"column-4\">* No homologado<\/td>\n<\/tr>\n<tr class=\"row-5\">\n\t<td class=\"column-1\">ON LINE<\/td><td class=\"column-2\">3 Meses<\/td><td class=\"column-3\">210,00\u00a0\u20ac<\/td><td class=\"column-4\">* No homologado<\/td>\n<\/tr>\n<\/tbody>\n<\/table>\n<!-- #tablepress-Autoaprendizaje from cache -->[vc_column_text css_animation=\u201dright-to-left\u201d]<\/p>\n<h4>Tel\u00e9fono directo para m\u00e1s informaci\u00f3n:<strong>\u00a0944168535<\/strong><\/h4>\n<p>\u00a1Ahora tambi\u00e9n a trav\u00e9s de INTERNET!<\/p>\n<p><strong><a href=\"https:\/\/bilbozaharra.eus\/on-line-ikastaroetarako-matrikula\/\">PUEDES HACER LA MATRICULA A TRAV\u00c9S DE ESTE ENLACE!!!<\/a><\/strong>[\/vc_column_text][\/vc_column][vc_column width=\u201d1\/3&#8243;][vc_single_image image=\u201d5968&#8243; border_color=\u201dgrey\u201d img_link_large=\u201d\u201d img_link_target=\u201d_self\u201d css_animation=\u201dright-to-left\u201d img_size=\u201dfull\u201d][\/vc_column][\/vc_row]<\/p>\n<\/div>","protected":false},"excerpt":{"rendered":"<p>[vc_row][vc_column width=\u201d2\/3&#8243;][vc_column_text css_animation=\u201dright-to-left\u201d]Flexibilidad absoluta de horarios para aprender euskera: abierta todo el d\u00eda, incluso s\u00e1bados por la ma\u00f1ana. Siempre bajo la supervisi\u00f3n de un\/a profesor\/a o tutor\/a. Cuando t\u00fa quieras, el tiempo que quieras. Diferentes duraciones y posibilidades de matr\u00edcula. Con el apoyo del sistema inform\u00e1tico BOGA, el programa inform\u00e1tico dise\u00f1ado por HABE. Podr\u00e1s utilizarlo sin l\u00edmite de horas y, [&hellip;]<\/p>\n","protected":false},"author":1,"featured_media":12423,"parent":0,"menu_order":54,"comment_status":"open","ping_status":"closed","template":"","meta":{"_acf_changed":false,"footnotes":""},"categories":[146],"tags":[],"class_list":["post-8373","page","type-page","status-publish","has-post-thumbnail","hentry","category-curso-2324"],"acf":[],"_links":{"self":[{"href":"https:\/\/bilbozaharra.eus\/es\/wp-json\/wp\/v2\/pages\/8373","targetHints":{"allow":["GET"]}}],"collection":[{"href":"https:\/\/bilbozaharra.eus\/es\/wp-json\/wp\/v2\/pages"}],"about":[{"href":"https:\/\/bilbozaharra.eus\/es\/wp-json\/wp\/v2\/types\/page"}],"author":[{"embeddable":true,"href":"https:\/\/bilbozaharra.eus\/es\/wp-json\/wp\/v2\/users\/1"}],"replies":[{"embeddable":true,"href":"https:\/\/bilbozaharra.eus\/es\/wp-json\/wp\/v2\/comments?post=8373"}],"version-history":[{"count":4,"href":"https:\/\/bilbozaharra.eus\/es\/wp-json\/wp\/v2\/pages\/8373\/revisions"}],"predecessor-version":[{"id":11292,"href":"https:\/\/bilbozaharra.eus\/es\/wp-json\/wp\/v2\/pages\/8373\/revisions\/11292"}],"wp:featuredmedia":[{"embeddable":true,"href":"https:\/\/bilbozaharra.eus\/es\/wp-json\/wp\/v2\/media\/12423"}],"wp:attachment":[{"href":"https:\/\/bilbozaharra.eus\/es\/wp-json\/wp\/v2\/media?parent=8373"}],"wp:term":[{"taxonomy":"category","embeddable":true,"href":"https:\/\/bilbozaharra.eus\/es\/wp-json\/wp\/v2\/categories?post=8373"},{"taxonomy":"post_tag","embeddable":true,"href":"https:\/\/bilbozaharra.eus\/es\/wp-json\/wp\/v2\/tags?post=8373"}],"curies":[{"name":"wp","href":"https:\/\/api.w.org\/{rel}","templated":true}]}}