{"id":7435,"date":"2014-02-03T08:00:37","date_gmt":"2014-02-03T07:00:37","guid":{"rendered":"http:\/\/bilbozaharra.poselab.com\/euskaltegia-2\/"},"modified":"2025-07-12T19:35:09","modified_gmt":"2025-07-12T18:35:09","slug":"euskaltegia","status":"publish","type":"page","link":"https:\/\/bilbozaharra.eus\/es\/euskaltegia\/","title":{"rendered":"Euskaltegi"},"content":{"rendered":"<div class=\"wpb-content-wrapper\"><p>[vc_row][vc_column width=\u201d1\/1&#8243;][vc_video link=\u201dhttp:\/\/www.youtube.com\/watch?v=w1YGeAjEJEE&amp;\u201d][\/vc_column][\/vc_row][vc_row][vc_column width=\u201d1\/2&#8243;][vc_column_text css_animation=\u201dright-to-left\u201d]Bilbo Zaharra euskaltegia es una Sociedad Cooperativa Limitada de ense\u00f1anza que se dedica a la euskaldunizaci\u00f3n y alfabetizaci\u00f3n de adultos desde el a\u00f1o 1972.<\/p>\n<p>Sita en la calle Correo 8 de la Parte Vieja de Bilbao, est\u00e1 inscrita en HABE \u2013organismo dependiente del Departamento de Cultura del Gobierno Vasco- y es por tanto un centro homologado por la administraci\u00f3n vasca para la ense\u00f1anza del euskara a adultos.<\/p>\n<p>Para desarrollar su cometido cuenta con la infraestructura necesaria para albergar en su seno a cerca de mil alumnos diarios que reciben clases ininterrumpidamente y en diferentes modalidades de 8 de la ma\u00f1ana a diez de la noche.<\/p>\n<p>Siguiendo una metodolog\u00eda propia, producto de la labor desarrollada por los profesores, y con m\u00faltiples complementos extraescolares \u2013charlas, conferencias, documentales, canciones, viajes\u2026- consigue que los alumnos logren su objetivo en un ambiente distendido, no falto de rigor acad\u00e9mico.<\/p>\n<p>Aprovechando las diferentes actividades que se realizan en el centro y los trabajos y aportaciones de los alumnos cuenta con le revista \u201cBarra-Barra\u201d, que recoge temporalmente lo anteriormente mencionado y se divulga entre los alumnos.[\/vc_column_text][\/vc_column][vc_column width=\u201d1\/2&#8243;][vc_column_text css_animation=\u201dright-to-left\u201d]Para facilitar el aprendizaje y uso del idioma cuenta con txoko en el que se juntan alumnos y profesores para charlar y comentar los temas cotidianos y festejar efem\u00e9rides y dem\u00e1s celebraciones.<\/p>\n<h2 style=\"text-align: center;\">\u201cBilbo Zaharra Forum\u201d se dedica a impulsar y promocionar la cultura en euskara<\/h2>\n<p>Como agente cultural que es Bilbo Zaharra euskaltegia cuenta con \u201cBilbo Zaharra Forum\u201d, (ver apartado correspondiente) asociaci\u00f3n que se dedica a impulsar y promocionar la cultura en euskara, organizando diferentes charlas y conferencias para todos aquellos que tengan inquietudes culturales, ling\u00fc\u00edsticas, hist\u00f3ricas, pol\u00edticas\u2026<\/p>\n<p>Es un centro integrado social y culturalmente en Bilbao, que realiza una labor cultural y ling\u00fc\u00edstica din\u00e1mica y eficaz, abierto a las diferentes aportaciones que se le puedan hacer desde distintos \u00e1mbitos con el fin de mejorar y actualizar su actividad.[\/vc_column_text][\/vc_column][\/vc_row]<\/p>\n<\/div>","protected":false},"excerpt":{"rendered":"<p>[vc_row][vc_column width=\u201d1\/1&#8243;][vc_video link=\u201dhttp:\/\/www.youtube.com\/watch?v=w1YGeAjEJEE&amp;\u201d][\/vc_column][\/vc_row][vc_row][vc_column width=\u201d1\/2&#8243;][vc_column_text css_animation=\u201dright-to-left\u201d]Bilbo Zaharra euskaltegia es una Sociedad Cooperativa Limitada de ense\u00f1anza que se dedica a la euskaldunizaci\u00f3n y alfabetizaci\u00f3n de adultos desde el a\u00f1o 1972. Sita en la calle Correo 8 de la Parte Vieja de Bilbao, est\u00e1 inscrita en HABE \u2013organismo dependiente del Departamento de Cultura del Gobierno Vasco- y es por tanto un centro homologado [&hellip;]<\/p>\n","protected":false},"author":1,"featured_media":0,"parent":0,"menu_order":4,"comment_status":"closed","ping_status":"closed","template":"","meta":{"_acf_changed":false,"footnotes":""},"categories":[89],"tags":[],"class_list":["post-7435","page","type-page","status-publish","hentry","category-noticias"],"acf":[],"_links":{"self":[{"href":"https:\/\/bilbozaharra.eus\/es\/wp-json\/wp\/v2\/pages\/7435","targetHints":{"allow":["GET"]}}],"collection":[{"href":"https:\/\/bilbozaharra.eus\/es\/wp-json\/wp\/v2\/pages"}],"about":[{"href":"https:\/\/bilbozaharra.eus\/es\/wp-json\/wp\/v2\/types\/page"}],"author":[{"embeddable":true,"href":"https:\/\/bilbozaharra.eus\/es\/wp-json\/wp\/v2\/users\/1"}],"replies":[{"embeddable":true,"href":"https:\/\/bilbozaharra.eus\/es\/wp-json\/wp\/v2\/comments?post=7435"}],"version-history":[{"count":2,"href":"https:\/\/bilbozaharra.eus\/es\/wp-json\/wp\/v2\/pages\/7435\/revisions"}],"predecessor-version":[{"id":10986,"href":"https:\/\/bilbozaharra.eus\/es\/wp-json\/wp\/v2\/pages\/7435\/revisions\/10986"}],"wp:attachment":[{"href":"https:\/\/bilbozaharra.eus\/es\/wp-json\/wp\/v2\/media?parent=7435"}],"wp:term":[{"taxonomy":"category","embeddable":true,"href":"https:\/\/bilbozaharra.eus\/es\/wp-json\/wp\/v2\/categories?post=7435"},{"taxonomy":"post_tag","embeddable":true,"href":"https:\/\/bilbozaharra.eus\/es\/wp-json\/wp\/v2\/tags?post=7435"}],"curies":[{"name":"wp","href":"https:\/\/api.w.org\/{rel}","templated":true}]}}