{"id":7370,"date":"2012-04-20T08:00:15","date_gmt":"2012-04-20T07:00:15","guid":{"rendered":"http:\/\/bilbozaharra.poselab.com\/forum-eta-irakurraldia-2\/klasikoen-irakurketa\/zergatik_panpox\/zergatik-panpox-argudioa\/"},"modified":"2025-07-20T22:40:28","modified_gmt":"2025-07-20T21:40:28","slug":"zergatik-panpox-argumento","status":"publish","type":"page","link":"https:\/\/bilbozaharra.eus\/es\/forum-eta-irakurraldia\/lecturas-de-clasicos\/zergatik_panpox\/zergatik-panpox-argumento\/","title":{"rendered":"Zergatik panpox? \u2013 Argumento"},"content":{"rendered":"<p><img decoding=\"async\" class=\"alignright wp-image-2547 size-full\" src=\"https:\/\/bilbozaharra.eus\/wp-content\/uploads\/2012\/04\/portada481.jpg\" alt=\"\" width=\"400\" height=\"630\" srcset=\"https:\/\/bilbozaharra.eus\/wp-content\/uploads\/2012\/04\/portada481.jpg 400w, https:\/\/bilbozaharra.eus\/wp-content\/uploads\/2012\/04\/portada481-190x300.jpg 190w, https:\/\/bilbozaharra.eus\/wp-content\/uploads\/2012\/04\/portada481-370x583.jpg 370w, https:\/\/bilbozaharra.eus\/wp-content\/uploads\/2012\/04\/portada481-381x600.jpg 381w\" sizes=\"(max-width: 400px) 100vw, 400px\" \/><\/p>\n<p>Zergatik Panpox? es la obra m\u00e1s redonda de la novelista. Tras marcharse sus amigos, la novela nos cuenta un d\u00eda normal en la vida de una madre y su hijo.<\/p>\n<p>El contenido de la novela son los pensamientos que se le pasan por la cabeza desde muy temprano por la ma\u00f1ana, desde que le da el desayuno al ni\u00f1o, le lleva despu\u00e9s a la ikastola, le recoge a la tarde\u2026 hasta que lo acuesta a la noche, y hasta que la propia protagonista tambi\u00e9n se acuesta.<\/p>\n<p>La ausencia de su compa\u00f1ero Txema es mas que un mero recuerdo para ella en la novela, su ausencia est\u00e1 presente en la mayor\u00eda de sus reflexiones. \u00a0No tiene tiempo ni para sentir soledad, ya que as\u00ed es su ritmo de vida.<\/p>\n<p>Pero en esos ratos de soledad es cuando fluye la novela, el recuerdo del compa\u00f1ero que se fue. Es la propia mujer la que narra la historia, y est\u00e1 contada desde la m\u00e1s universal sensibilidad de la mujer, ya que sus sentimientos son los de todas nosotras. Zergatik Panpox? es la experiencia literaria que narra un d\u00eda cualquiera en su vida.<\/p>\n<p><img decoding=\"async\" class=\"wp-image-2548 alignnone\" src=\"http:\/\/bilbozaharra.eus\/wp-content\/uploads\/2012\/04\/erlojua.jpg\" alt=\"\" width=\"271\" height=\"217\" \/><\/p>\n","protected":false},"excerpt":{"rendered":"<p>Zergatik Panpox? es la obra m\u00e1s redonda de la novelista. Tras marcharse sus amigos, la novela nos cuenta un d\u00eda normal en la vida de una madre y su hijo. El contenido de la novela son los pensamientos que se le pasan por la cabeza desde muy temprano por la ma\u00f1ana, desde que le da el desayuno al ni\u00f1o, le [&hellip;]<\/p>\n","protected":false},"author":1,"featured_media":2547,"parent":7366,"menu_order":63,"comment_status":"closed","ping_status":"closed","template":"","meta":{"_acf_changed":false,"footnotes":""},"categories":[92],"tags":[],"class_list":["post-7370","page","type-page","status-publish","has-post-thumbnail","hentry","category-zergatik-panpox-es"],"acf":[],"_links":{"self":[{"href":"https:\/\/bilbozaharra.eus\/es\/wp-json\/wp\/v2\/pages\/7370","targetHints":{"allow":["GET"]}}],"collection":[{"href":"https:\/\/bilbozaharra.eus\/es\/wp-json\/wp\/v2\/pages"}],"about":[{"href":"https:\/\/bilbozaharra.eus\/es\/wp-json\/wp\/v2\/types\/page"}],"author":[{"embeddable":true,"href":"https:\/\/bilbozaharra.eus\/es\/wp-json\/wp\/v2\/users\/1"}],"replies":[{"embeddable":true,"href":"https:\/\/bilbozaharra.eus\/es\/wp-json\/wp\/v2\/comments?post=7370"}],"version-history":[{"count":1,"href":"https:\/\/bilbozaharra.eus\/es\/wp-json\/wp\/v2\/pages\/7370\/revisions"}],"predecessor-version":[{"id":16387,"href":"https:\/\/bilbozaharra.eus\/es\/wp-json\/wp\/v2\/pages\/7370\/revisions\/16387"}],"up":[{"embeddable":true,"href":"https:\/\/bilbozaharra.eus\/es\/wp-json\/wp\/v2\/pages\/7366"}],"wp:featuredmedia":[{"embeddable":true,"href":"https:\/\/bilbozaharra.eus\/es\/wp-json\/wp\/v2\/media\/2547"}],"wp:attachment":[{"href":"https:\/\/bilbozaharra.eus\/es\/wp-json\/wp\/v2\/media?parent=7370"}],"wp:term":[{"taxonomy":"category","embeddable":true,"href":"https:\/\/bilbozaharra.eus\/es\/wp-json\/wp\/v2\/categories?post=7370"},{"taxonomy":"post_tag","embeddable":true,"href":"https:\/\/bilbozaharra.eus\/es\/wp-json\/wp\/v2\/tags?post=7370"}],"curies":[{"name":"wp","href":"https:\/\/api.w.org\/{rel}","templated":true}]}}