{"id":7366,"date":"2012-04-20T08:00:57","date_gmt":"2012-04-20T07:00:57","guid":{"rendered":"http:\/\/bilbozaharra.poselab.com\/forum-eta-irakurraldia-2\/klasikoen-irakurketa\/zergatik_panpox\/"},"modified":"2025-07-20T22:48:14","modified_gmt":"2025-07-20T21:48:14","slug":"zergatik_panpox","status":"publish","type":"page","link":"https:\/\/bilbozaharra.eus\/es\/forum-eta-irakurraldia\/lecturas-de-clasicos\/zergatik_panpox\/","title":{"rendered":"\u201cZergatik panpox\u201d"},"content":{"rendered":"<p>Hace cuatro a\u00f1os el <em>\u201cGuero\u201d<\/em> de Axular, hace tres a\u00f1os el <em>\u201cPeru Abarca<\/em>\u201d de Mogel, hace dos el <em>\u201cHaur besoetakoa\u201d<\/em> de Jon Mirande, el a\u00f1o pasado <em>\u201cHamaika pauso\u201d<\/em> de Ram\u00f3n Saizarbitoria, y este a\u00f1o <em>\u201cZergatik panpox?\u201d<\/em> de Arantxa Urretabizkaia. Los alumnos y profesores de BILBO ZAHARRA euskaltegia estamos muy contentos, y\u00a0orgullosos, ya que el proyecto \u201cLectura ininterrumpida de cl\u00e1sicos\u201d\u00a0\u00a0est\u00e1 adquiriendo cada vez m\u00e1s fuerza, y porque poco a poco se est\u00e1 cumpliendo nuestro objetivo de\u00a0manifestar los valores y la actualidad de los cl\u00e1sicos.<\/p>\n<p>Hasta ahora, a la hora de elegir lo que se iba a leer, nos hemos servido del orden cronol\u00f3gico de las obras. Es decir, empezando por un libro del siglo XVII, siguiendo con otro de entre los siglos XVIII y XIX, y llegando casi al siglo XXI. Han sido tres saltos, dos de ellos de unos 160 a\u00f1os cada uno, y otro de unos 50, dentro de la historia de la literatura vasca.<\/p>\n<p><img decoding=\"async\" class=\"wp-image-2612 size-full alignright\" src=\"https:\/\/bilbozaharra.eus\/wp-content\/uploads\/2012\/04\/portada4811.jpg\" alt=\"\" width=\"400\" height=\"630\" srcset=\"https:\/\/bilbozaharra.eus\/wp-content\/uploads\/2012\/04\/portada4811.jpg 400w, https:\/\/bilbozaharra.eus\/wp-content\/uploads\/2012\/04\/portada4811-190x300.jpg 190w, https:\/\/bilbozaharra.eus\/wp-content\/uploads\/2012\/04\/portada4811-370x583.jpg 370w, https:\/\/bilbozaharra.eus\/wp-content\/uploads\/2012\/04\/portada4811-381x600.jpg 381w\" sizes=\"(max-width: 400px) 100vw, 400px\" \/>Realmente esa era la\u00a0relaci\u00f3n que quer\u00edamos hacer\u00a0con las lecturas: ofrecer una selecci\u00f3n digna de esa historia. De este modo, podemos decir que hemos completado la primera parte de nuestra iniciativa.<\/p>\n<p>Para la lectura de este 2012, volvemos unos a\u00f1os atr\u00e1s en el siglo XX. La raz\u00f3n es la siguiente:<\/p>\n<p>Al hacer una lista de personajes literarios, siempre se han nombrado tres hitos dentro de la cr\u00edtica bibliogr\u00e1fica vasca: el pastor Joanes de la novela <em>\u00a0Garoa<\/em> de Txomin Agirre publicada en 1912,\u00a0un personaje sencillo; Leturia, el primer personaje moderno, salido de la obra\u00a0<em>Leturiaren egunkari ezkutua<\/em>\u00a0de Txilardegi del a\u00f1o 1957; y el parlanch\u00edn de la novela<em>\u00a0<em>Egunero hasten delako<\/em>\u00a0de<\/em>\u00a0Ramon Saizarbitoria, de 1979. Proponemos un cuarto personaje, sobre todo de cara a su historiograf\u00eda: la madre de\u00a0<em>Zergatik Panpox<\/em>. En la novela de Arantxa Urretabizkaia \u201cZergatik Panpox?, aparece por primera vez en la literatura vasca un sujeto femenino como protagonista, el cual fue pionero en todas sus cualidades.<\/p>\n<p>Cierto es que la palabra \u201ccl\u00e1sico\u201d es un tanto escurridiza y que no es f\u00e1cil concretar cu\u00e1les son las \u00e9pocas que alberga. Y que siendo as\u00ed, no ser\u00eda de extra\u00f1ar que alguien no tomase como cl\u00e1sico una obra escrita en el a\u00f1o 1979, como es el caso de como es el caso de Zergatik panpox?. No vamos a entrar en ese debate. Este libro de Arantxa Urretabizkaia est\u00e1 en lo m\u00e1s alto de la literatura vasca y se merece que le abramos las puertas de nuestro proyecto de par en par.<\/p>\n<hr \/>\n<p>&nbsp;<\/p>\n","protected":false},"excerpt":{"rendered":"<p>Hace cuatro a\u00f1os el \u201cGuero\u201d de Axular, hace tres a\u00f1os el \u201cPeru Abarca\u201d de Mogel, hace dos el \u201cHaur besoetakoa\u201d de Jon Mirande, el a\u00f1o pasado \u201cHamaika pauso\u201d de Ram\u00f3n Saizarbitoria, y este a\u00f1o \u201cZergatik panpox?\u201d de Arantxa Urretabizkaia. Los alumnos y profesores de BILBO ZAHARRA euskaltegia estamos muy contentos, y\u00a0orgullosos, ya que el proyecto \u201cLectura ininterrumpida de cl\u00e1sicos\u201d\u00a0\u00a0est\u00e1 adquiriendo [&hellip;]<\/p>\n","protected":false},"author":1,"featured_media":15057,"parent":7336,"menu_order":60,"comment_status":"closed","ping_status":"closed","template":"page-templates\/irakurketa.php","meta":{"_acf_changed":false,"footnotes":""},"categories":[162],"tags":[],"class_list":["post-7366","page","type-page","status-publish","has-post-thumbnail","hentry","category-lectura-de-clasicos-inicio"],"acf":[],"_links":{"self":[{"href":"https:\/\/bilbozaharra.eus\/es\/wp-json\/wp\/v2\/pages\/7366","targetHints":{"allow":["GET"]}}],"collection":[{"href":"https:\/\/bilbozaharra.eus\/es\/wp-json\/wp\/v2\/pages"}],"about":[{"href":"https:\/\/bilbozaharra.eus\/es\/wp-json\/wp\/v2\/types\/page"}],"author":[{"embeddable":true,"href":"https:\/\/bilbozaharra.eus\/es\/wp-json\/wp\/v2\/users\/1"}],"replies":[{"embeddable":true,"href":"https:\/\/bilbozaharra.eus\/es\/wp-json\/wp\/v2\/comments?post=7366"}],"version-history":[{"count":4,"href":"https:\/\/bilbozaharra.eus\/es\/wp-json\/wp\/v2\/pages\/7366\/revisions"}],"predecessor-version":[{"id":16392,"href":"https:\/\/bilbozaharra.eus\/es\/wp-json\/wp\/v2\/pages\/7366\/revisions\/16392"}],"up":[{"embeddable":true,"href":"https:\/\/bilbozaharra.eus\/es\/wp-json\/wp\/v2\/pages\/7336"}],"wp:featuredmedia":[{"embeddable":true,"href":"https:\/\/bilbozaharra.eus\/es\/wp-json\/wp\/v2\/media\/15057"}],"wp:attachment":[{"href":"https:\/\/bilbozaharra.eus\/es\/wp-json\/wp\/v2\/media?parent=7366"}],"wp:term":[{"taxonomy":"category","embeddable":true,"href":"https:\/\/bilbozaharra.eus\/es\/wp-json\/wp\/v2\/categories?post=7366"},{"taxonomy":"post_tag","embeddable":true,"href":"https:\/\/bilbozaharra.eus\/es\/wp-json\/wp\/v2\/tags?post=7366"}],"curies":[{"name":"wp","href":"https:\/\/api.w.org\/{rel}","templated":true}]}}