{"id":7343,"date":"2015-08-03T18:08:03","date_gmt":"2015-08-03T17:08:03","guid":{"rendered":"http:\/\/bilbozaharra.poselab.com\/euskaltegia-2\/metodologia\/"},"modified":"2015-08-07T01:16:34","modified_gmt":"2015-08-07T01:16:34","slug":"metodologia","status":"publish","type":"page","link":"https:\/\/bilbozaharra.eus\/es\/euskaltegia\/metodologia\/","title":{"rendered":"Metodolog\u00eda"},"content":{"rendered":"<div class=\"wpb-content-wrapper\"><p>[vc_row][vc_column width=\u201d2\/3&#8243;][vc_column_text css_animation=\u201dright-to-left\u201d]En el euskaltegi Bilbo Zaharra, tanto la metodolog\u00eda como el material did\u00e1ctico que la acompa\u00f1a est\u00e1n enfocados a cubrir y satisfacer las necesidades e intereses de sus alumnos.<\/p>\n<p>Partiendo del alumno como eje central , nuestro trabajo consistir\u00e1 en ayudarle en la superaci\u00f3n de las dificultades que puedan ir surgiendo a lo largo de su proceso de aprendizaje, as\u00ed como contribuir a la obtenci\u00f3n del mayor provecho y en el logro de sus objetivos. <strong>El \u00e9xito del alumno es nuestra recompensa.<\/strong><\/p>\n<p>Es precisamente al servicio de ese objetivo que ponemos a su disposici\u00f3n la metodolog\u00eda y medios m\u00e1s avanzados junto a profesionales altamente cualificados y con gran experiencia.<\/p>\n<p>En cuanto a la metodolog\u00eda, existe un amplio consenso en que es la propia acci\u00f3n comunicativa, \u201caprender interactuando\u201d, la que reporta unos mejores resultados. En definitiva, <strong>un idioma se aprende us\u00e1ndolo, utiliz\u00e1ndolo<\/strong>. Eso es lo que nos indican todas las teor\u00edas sobre el aprendizaje y lo que nos demuestra nuestra larga experiencia en la ense\u00f1anza del euskara.<\/p>\n<p>Teniendo en cuenta lo anteriormente dicho, y siendo conscientes de que la comunicaci\u00f3n debe ser entendida en todas sus vertientes, trabajaremos en la potenciaci\u00f3n y mejora de la motivaci\u00f3n, el conocimiento y el uso considerando cada contexto y casu\u00edstica concretos. Dicho de otro modo, utilizaremos y aprenderemos el idioma atendiendo a las necesidades del alumno y mediante acciones y ejercicios que resulten de su inter\u00e9s.<\/p>\n<p>Asimismo, a fin de mejorar progresivamente la capacidad comunicativa del alumno, tanto en el plano oral como en el escrito, ser\u00e1 imprescindible su evaluaci\u00f3n continua y personalizada para, de mutuo acuerdo, adecuar los medios y fijar las metas a objetivos realizables. A lo largo de todo este proceso, resultar\u00e1 de vital importancia aprender a gestionar el idioma por medio de una estrategia eficaz, es decir, aprender a utilizar de un modo conveniente y aut\u00f3nomo tanto la pr\u00e1ctica como la teor\u00eda comunicativa.<\/p>\n<p>En definitiva, en Bilbo Zaharra euskaltegia queremos acompa\u00f1ar al alumno en su tr\u00e1nsito hacia la interiorizaci\u00f3n y dominio del idioma, siendo conscientes, eso s\u00ed, de que es el propio alumno quien debe recorrer ese camino.[\/vc_column_text][\/vc_column][vc_column width=\u201d1\/3&#8243;][vc_single_image image=\u201d7051&#8243; border_color=\u201dgrey\u201d img_link_large=\u201d\u201d img_link_target=\u201d_self\u201d css_animation=\u201dright-to-left\u201d img_size=\u201dfull\u201d][\/vc_column][\/vc_row]<\/p>\n<\/div>","protected":false},"excerpt":{"rendered":"<p>[vc_row][vc_column width=\u201d2\/3&#8243;][vc_column_text css_animation=\u201dright-to-left\u201d]En el euskaltegi Bilbo Zaharra, tanto la metodolog\u00eda como el material did\u00e1ctico que la acompa\u00f1a est\u00e1n enfocados a cubrir y satisfacer las necesidades e intereses de sus alumnos. Partiendo del alumno como eje central , nuestro trabajo consistir\u00e1 en ayudarle en la superaci\u00f3n de las dificultades que puedan ir surgiendo a lo largo de su proceso de aprendizaje, [&hellip;]<\/p>\n","protected":false},"author":1,"featured_media":7344,"parent":7435,"menu_order":4,"comment_status":"closed","ping_status":"closed","template":"","meta":{"_acf_changed":false,"footnotes":""},"categories":[],"tags":[],"class_list":["post-7343","page","type-page","status-publish","has-post-thumbnail","hentry"],"acf":[],"_links":{"self":[{"href":"https:\/\/bilbozaharra.eus\/es\/wp-json\/wp\/v2\/pages\/7343","targetHints":{"allow":["GET"]}}],"collection":[{"href":"https:\/\/bilbozaharra.eus\/es\/wp-json\/wp\/v2\/pages"}],"about":[{"href":"https:\/\/bilbozaharra.eus\/es\/wp-json\/wp\/v2\/types\/page"}],"author":[{"embeddable":true,"href":"https:\/\/bilbozaharra.eus\/es\/wp-json\/wp\/v2\/users\/1"}],"replies":[{"embeddable":true,"href":"https:\/\/bilbozaharra.eus\/es\/wp-json\/wp\/v2\/comments?post=7343"}],"version-history":[{"count":0,"href":"https:\/\/bilbozaharra.eus\/es\/wp-json\/wp\/v2\/pages\/7343\/revisions"}],"up":[{"embeddable":true,"href":"https:\/\/bilbozaharra.eus\/es\/wp-json\/wp\/v2\/pages\/7435"}],"wp:featuredmedia":[{"embeddable":true,"href":"https:\/\/bilbozaharra.eus\/es\/wp-json\/wp\/v2\/media\/7344"}],"wp:attachment":[{"href":"https:\/\/bilbozaharra.eus\/es\/wp-json\/wp\/v2\/media?parent=7343"}],"wp:term":[{"taxonomy":"category","embeddable":true,"href":"https:\/\/bilbozaharra.eus\/es\/wp-json\/wp\/v2\/categories?post=7343"},{"taxonomy":"post_tag","embeddable":true,"href":"https:\/\/bilbozaharra.eus\/es\/wp-json\/wp\/v2\/tags?post=7343"}],"curies":[{"name":"wp","href":"https:\/\/api.w.org\/{rel}","templated":true}]}}