{"id":7330,"date":"2015-04-01T08:15:24","date_gmt":"2015-04-01T07:15:24","guid":{"rendered":"http:\/\/bilbozaharra.poselab.com\/narrazio-guztiak\/joseba-sarrionandia-35-urte-idazten\/"},"modified":"2025-07-18T23:40:03","modified_gmt":"2025-07-18T22:40:03","slug":"joseba-sarrionandia-35-urte-idazten","status":"publish","type":"page","link":"https:\/\/bilbozaharra.eus\/es\/forum-eta-irakurraldia\/lecturas-de-clasicos\/narrazio-guztiak\/joseba-sarrionandia-35-urte-idazten\/","title":{"rendered":"Joseba Sarrionandia \u2013 Biograf\u00eda"},"content":{"rendered":"<p><img decoding=\"async\" class=\"size-medium wp-image-4211 alignright\" src=\"http:\/\/bilbozaharra.eus\/wp-content\/uploads\/2015\/04\/import_8912794_11-300x210.jpg\" alt=\"\" width=\"300\" height=\"210\" \/>Se licenci\u00f3 en Filolog\u00eda Vasca por la Universidad de Deusto y fue profesor de euskera. Tambi\u00e9n dio clases de fon\u00e9tica en la UNED de Bergara y en la Universidad Vasca de Verano. Public\u00f3 sus primeros escritos en revistas vascas como Pott,Zeruko Argia, Anaitasuna, Jakin, Oh Euzkadi, Ibaizabal y form\u00f3 parte, junto con Bernardo Atxaga, Jon Juaristi, Manu Ertzilla, Joxemari Iturralde y Ruper Ordorika, entre otros, del grupo de escritores que m\u00e1s influy\u00f3 en la literatura vasca de la d\u00e9cada de 1980, unidos bajo el nombre de Pott Banda. Miembro correspondiente de Euskaltzaindia (la Real Academia de la Lengua Vasca), adem\u00e1s de escritor, Sarrionandia es un traductor prol\u00edfico que ha traducido al euskera diversas obras literarias de hasta 50 lenguas distintas, destacando sus traducciones al euskera de autores como T. S. Eliot \u2014del que es su principal traductor\u2014, Samuel Taylor Coleridge, Manuel Bandeira y Fernando Pessoa.<\/p>\n<p><img decoding=\"async\" class=\" wp-image-4064 alignright\" src=\"http:\/\/bilbozaharra.eus\/wp-content\/uploads\/2015\/04\/abesoj-aidnanoirras.jpg\" alt=\"\" width=\"343\" height=\"521\" \/>En 1980, con 22 a\u00f1os de edad, fue detenido y condenado a 22 a\u00f1os por su pertenencia a ETA. Ese mismo a\u00f1o gan\u00f3 tres premios literarios\u00a0con dos cuentos y el poemario \u201cIzuen gordelekuetan barrena\u201d. Cinco a\u00f1os m\u00e1s tarde, el 7 de julio de 1985, se evadi\u00f3 de la prisi\u00f3n de Martutene junto a otro preso, I\u00f1aki Pikabea, escondi\u00e9ndose en sendos bafles tras un concierto del cantante Imanol Larzabal. La fuga, en cuya planificaci\u00f3n particip\u00f3 el entonces cr\u00edtico de teatro Mikel Antza, inspir\u00f3 la famosa canci\u00f3n Sarri, Sarri del grupo vasco Kortatu. Desde entonces ha permanecido en paradero desconocido y actualmente no tiene ninguna causa pendiente con la justicia, ya que los delitos por los que fue condenado han prescrito. Aun desde el exilio, tema recurrente en su obra, sigue publicando libros sin pausa y siendo fuente de inspiraci\u00f3n para m\u00fasicos y artistas: Mikel Laboa, Ruper Ordorika, Fermin Muguruza\u2026 Algunas de las canciones que versionan sus poemas se reunieron, junto a la voz del escritor, en el disco-libro Hau da ene ondasun guzia (Esta es toda mi hacienda) coeditado por Esan Ozenki y Txalaparta en 1999.<\/p>\n<p>En varias ocasiones ha recibido el Premio de la Cr\u00edtica de narrativa en euskera, otorgado por la Asociaci\u00f3n Espa\u00f1ola de Cr\u00edticos Literarios; en 1986, por Atabala eta euria (El atabal y la lluvia), una colecci\u00f3n de relatos; y en 2001, por Lagun izoztua (El amigo congelado), su primera novela. En octubre de 2011 el Gobierno Vasco le otorg\u00f3 el Premio Euskadi de Literatura en su modalidad de ensayo en euskera, por la obra Moroak gara behelaino artean? (\u00bfSomos moros entre la niebla?), pero anunci\u00f3 que retendr\u00eda la cuant\u00eda econ\u00f3mica del premio hasta que el autor regularizase su situaci\u00f3n. Si bien, la Fiscal\u00eda de la Audiencia Nacional constat\u00f3 que no ten\u00eda causas pendientes, por lo que finalmente recibi\u00f3 el premio en igualdad de condiciones que el resto de premiados.<\/p>\n","protected":false},"excerpt":{"rendered":"<p>Se licenci\u00f3 en Filolog\u00eda Vasca por la Universidad de Deusto y fue profesor de euskera. Tambi\u00e9n dio clases de fon\u00e9tica en la UNED de Bergara y en la Universidad Vasca de Verano. Public\u00f3 sus primeros escritos en revistas vascas como Pott,Zeruko Argia, Anaitasuna, Jakin, Oh Euzkadi, Ibaizabal y form\u00f3 parte, junto con Bernardo Atxaga, Jon Juaristi, Manu Ertzilla, Joxemari Iturralde [&hellip;]<\/p>\n","protected":false},"author":1,"featured_media":7332,"parent":7258,"menu_order":69,"comment_status":"closed","ping_status":"closed","template":"","meta":{"_acf_changed":false,"footnotes":""},"categories":[81,83,84],"tags":[],"class_list":["post-7330","page","type-page","status-publish","has-post-thumbnail","hentry","category-actividades","category-lectura-de-clasicos","category-narrazio-guztiak-es"],"acf":[],"_links":{"self":[{"href":"https:\/\/bilbozaharra.eus\/es\/wp-json\/wp\/v2\/pages\/7330","targetHints":{"allow":["GET"]}}],"collection":[{"href":"https:\/\/bilbozaharra.eus\/es\/wp-json\/wp\/v2\/pages"}],"about":[{"href":"https:\/\/bilbozaharra.eus\/es\/wp-json\/wp\/v2\/types\/page"}],"author":[{"embeddable":true,"href":"https:\/\/bilbozaharra.eus\/es\/wp-json\/wp\/v2\/users\/1"}],"replies":[{"embeddable":true,"href":"https:\/\/bilbozaharra.eus\/es\/wp-json\/wp\/v2\/comments?post=7330"}],"version-history":[{"count":2,"href":"https:\/\/bilbozaharra.eus\/es\/wp-json\/wp\/v2\/pages\/7330\/revisions"}],"predecessor-version":[{"id":16362,"href":"https:\/\/bilbozaharra.eus\/es\/wp-json\/wp\/v2\/pages\/7330\/revisions\/16362"}],"up":[{"embeddable":true,"href":"https:\/\/bilbozaharra.eus\/es\/wp-json\/wp\/v2\/pages\/7258"}],"wp:featuredmedia":[{"embeddable":true,"href":"https:\/\/bilbozaharra.eus\/es\/wp-json\/wp\/v2\/media\/7332"}],"wp:attachment":[{"href":"https:\/\/bilbozaharra.eus\/es\/wp-json\/wp\/v2\/media?parent=7330"}],"wp:term":[{"taxonomy":"category","embeddable":true,"href":"https:\/\/bilbozaharra.eus\/es\/wp-json\/wp\/v2\/categories?post=7330"},{"taxonomy":"post_tag","embeddable":true,"href":"https:\/\/bilbozaharra.eus\/es\/wp-json\/wp\/v2\/tags?post=7330"}],"curies":[{"name":"wp","href":"https:\/\/api.w.org\/{rel}","templated":true}]}}