{"id":7329,"date":"2008-08-15T21:33:34","date_gmt":"2008-08-15T21:33:34","guid":{"rendered":"http:\/\/bilbozaharra.poselab.com\/euskaltegia-2\/itzulpen-zerbitzuak\/"},"modified":"2015-08-07T18:00:51","modified_gmt":"2015-08-07T18:00:51","slug":"servicios-de-traduccion","status":"publish","type":"page","link":"https:\/\/bilbozaharra.eus\/es\/euskaltegia\/servicios-de-traduccion\/","title":{"rendered":"Servicios de traducci\u00f3n"},"content":{"rendered":"<div class=\"wpb-content-wrapper\"><p>[vc_row][vc_column][vc_single_image image=\u201d7991&#8243; border_color=\u201dgrey\u201d img_link_large=\u201d\u201d img_link_target=\u201d_self\u201d css_animation=\u201dright-to-left\u201d img_size=\u201dfull\u201d][vc_column_text css_animation=\u201dright-to-left\u201d]En el euskaltegi Bilbo Zaharra realizamos traducciones especializadas.<\/p>\n<p><strong><strong>Clasificaci\u00f3n de traducciones<\/strong>:<\/strong><\/p>\n<ol type=\"A\">\n<li>Revistas, textos no literarios ni t\u00e9cnicos.<\/li>\n<li>Literarios<\/li>\n<li>T\u00e9cnicos<\/li>\n<li>Otras lenguas<\/li>\n<\/ol>\n<p>Si necesita mayor informaci\u00f3n, o desea solicitar un presupuesto, puede ponerse en contacto con nosotros:<\/p>\n<p>Tel\u00e9fono: 688658314<\/p>\n<p>e-mail: <a href=\"mailto:itzulpenak@bilbozaharra.eus\" target=\"_blank\">itzulpenak@bilbozaharra.eus<\/a>[\/vc_column_text][\/vc_column][\/vc_row]<\/p>\n<\/div>","protected":false},"excerpt":{"rendered":"<p>[vc_row][vc_column][vc_single_image image=\u201d7991&#8243; border_color=\u201dgrey\u201d img_link_large=\u201d\u201d img_link_target=\u201d_self\u201d css_animation=\u201dright-to-left\u201d img_size=\u201dfull\u201d][vc_column_text css_animation=\u201dright-to-left\u201d]En el euskaltegi Bilbo Zaharra realizamos traducciones especializadas. Clasificaci\u00f3n de traducciones: Revistas, textos no literarios ni t\u00e9cnicos. Literarios T\u00e9cnicos Otras lenguas Si necesita mayor informaci\u00f3n, o desea solicitar un presupuesto, puede ponerse en contacto con nosotros: Tel\u00e9fono: 688658314 e-mail: itzulpenak@bilbozaharra.eus[\/vc_column_text][\/vc_column][\/vc_row]<\/p>\n","protected":false},"author":1,"featured_media":7992,"parent":7435,"menu_order":211,"comment_status":"open","ping_status":"closed","template":"","meta":{"_acf_changed":false,"footnotes":""},"categories":[],"tags":[],"class_list":["post-7329","page","type-page","status-publish","has-post-thumbnail","hentry"],"acf":[],"_links":{"self":[{"href":"https:\/\/bilbozaharra.eus\/es\/wp-json\/wp\/v2\/pages\/7329","targetHints":{"allow":["GET"]}}],"collection":[{"href":"https:\/\/bilbozaharra.eus\/es\/wp-json\/wp\/v2\/pages"}],"about":[{"href":"https:\/\/bilbozaharra.eus\/es\/wp-json\/wp\/v2\/types\/page"}],"author":[{"embeddable":true,"href":"https:\/\/bilbozaharra.eus\/es\/wp-json\/wp\/v2\/users\/1"}],"replies":[{"embeddable":true,"href":"https:\/\/bilbozaharra.eus\/es\/wp-json\/wp\/v2\/comments?post=7329"}],"version-history":[{"count":0,"href":"https:\/\/bilbozaharra.eus\/es\/wp-json\/wp\/v2\/pages\/7329\/revisions"}],"up":[{"embeddable":true,"href":"https:\/\/bilbozaharra.eus\/es\/wp-json\/wp\/v2\/pages\/7435"}],"wp:featuredmedia":[{"embeddable":true,"href":"https:\/\/bilbozaharra.eus\/es\/wp-json\/wp\/v2\/media\/7992"}],"wp:attachment":[{"href":"https:\/\/bilbozaharra.eus\/es\/wp-json\/wp\/v2\/media?parent=7329"}],"wp:term":[{"taxonomy":"category","embeddable":true,"href":"https:\/\/bilbozaharra.eus\/es\/wp-json\/wp\/v2\/categories?post=7329"},{"taxonomy":"post_tag","embeddable":true,"href":"https:\/\/bilbozaharra.eus\/es\/wp-json\/wp\/v2\/tags?post=7329"}],"curies":[{"name":"wp","href":"https:\/\/api.w.org\/{rel}","templated":true}]}}