{"id":7315,"date":"2010-08-06T02:07:01","date_gmt":"2010-08-06T01:07:01","guid":{"rendered":"http:\/\/bilbozaharra.poselab.com\/haur-besoetakoa-2\/"},"modified":"2025-07-22T00:01:14","modified_gmt":"2025-07-21T23:01:14","slug":"haur-besoetakoa","status":"publish","type":"page","link":"https:\/\/bilbozaharra.eus\/es\/forum-eta-irakurraldia\/lecturas-de-clasicos\/haur-besoetakoa\/","title":{"rendered":"Haur besoetakoa"},"content":{"rendered":"<p>Era un d\u00eda de marzo. El viento que soplaba de poniente, que hac\u00eda resonar los ecos del mar, inclinaba los oscuros \u00e1rboles del parque ante la ventana de la sala; gem\u00edan y se agitaban como si fueran m\u00e1stiles de nav\u00edo el juguete de una tempestad. Pues parec\u00eda que el sue\u00f1o m\u00e1s querido de un coraz\u00f3n humano, entreg\u00e1ndose a aquellas figuras de nav\u00edo, iba a ser llevado lejos, siempre m\u00e1s lejos hasta las elegantes islas donde todo sue\u00f1o florece y se perfecciona&#8230; Pero cuando ca\u00eda el viento y entre las espesas nubes de hoy la luna descubr\u00eda su astuto arp\u00f3n sin hilar, estos \u00e1rboles volv\u00edan a ser abedules, subidos, inm\u00f3viles contra el cielo negro. Un d\u00eda de marzo, fr\u00edo, como un d\u00eda de juicio, pensaba el hombre, de cara al exterior; s\u00f3lo flaqueaban las velas&#8230;; sin embargo, estar\u00edan all\u00ed bastante temprano, viniendo a satisfacer su sue\u00f1o mortal. Ya ve\u00eda a una, de vez en cuando, los ojos en el interior: la vieja sirvienta, vestida de negro, con los labios delgados fijos y muda, que el se\u00f1or de la casa le imped\u00eda recoger la mesa. Pero el hombre no se movi\u00f3, y por dar otro disgusto a la vieja, le orden\u00f3 que trajese de beber enseguida&#8230;<\/p>\n","protected":false},"excerpt":{"rendered":"<p>Era un d\u00eda de marzo. El viento que soplaba de poniente, que hac\u00eda resonar los ecos del mar, inclinaba los oscuros \u00e1rboles del parque ante la ventana de la sala; gem\u00edan y se agitaban como si fueran m\u00e1stiles de nav\u00edo el juguete de una tempestad. Pues parec\u00eda que el sue\u00f1o m\u00e1s querido de un coraz\u00f3n humano, entreg\u00e1ndose a aquellas figuras [&hellip;]<\/p>\n","protected":false},"author":1,"featured_media":15914,"parent":7336,"menu_order":34,"comment_status":"closed","ping_status":"closed","template":"page-templates\/irakurketa.php","meta":{"_acf_changed":false,"footnotes":""},"categories":[162],"tags":[],"class_list":["post-7315","page","type-page","status-publish","has-post-thumbnail","hentry","category-lectura-de-clasicos-inicio"],"acf":[],"_links":{"self":[{"href":"https:\/\/bilbozaharra.eus\/es\/wp-json\/wp\/v2\/pages\/7315","targetHints":{"allow":["GET"]}}],"collection":[{"href":"https:\/\/bilbozaharra.eus\/es\/wp-json\/wp\/v2\/pages"}],"about":[{"href":"https:\/\/bilbozaharra.eus\/es\/wp-json\/wp\/v2\/types\/page"}],"author":[{"embeddable":true,"href":"https:\/\/bilbozaharra.eus\/es\/wp-json\/wp\/v2\/users\/1"}],"replies":[{"embeddable":true,"href":"https:\/\/bilbozaharra.eus\/es\/wp-json\/wp\/v2\/comments?post=7315"}],"version-history":[{"count":1,"href":"https:\/\/bilbozaharra.eus\/es\/wp-json\/wp\/v2\/pages\/7315\/revisions"}],"predecessor-version":[{"id":16399,"href":"https:\/\/bilbozaharra.eus\/es\/wp-json\/wp\/v2\/pages\/7315\/revisions\/16399"}],"up":[{"embeddable":true,"href":"https:\/\/bilbozaharra.eus\/es\/wp-json\/wp\/v2\/pages\/7336"}],"wp:featuredmedia":[{"embeddable":true,"href":"https:\/\/bilbozaharra.eus\/es\/wp-json\/wp\/v2\/media\/15914"}],"wp:attachment":[{"href":"https:\/\/bilbozaharra.eus\/es\/wp-json\/wp\/v2\/media?parent=7315"}],"wp:term":[{"taxonomy":"category","embeddable":true,"href":"https:\/\/bilbozaharra.eus\/es\/wp-json\/wp\/v2\/categories?post=7315"},{"taxonomy":"post_tag","embeddable":true,"href":"https:\/\/bilbozaharra.eus\/es\/wp-json\/wp\/v2\/tags?post=7315"}],"curies":[{"name":"wp","href":"https:\/\/api.w.org\/{rel}","templated":true}]}}