{"id":7310,"date":"2011-08-06T01:48:19","date_gmt":"2011-08-06T00:48:19","guid":{"rendered":"http:\/\/bilbozaharra.poselab.com\/hamaika-pauso\/"},"modified":"2025-07-20T22:59:26","modified_gmt":"2025-07-20T21:59:26","slug":"hamaika-pauso","status":"publish","type":"page","link":"https:\/\/bilbozaharra.eus\/es\/forum-eta-irakurraldia\/lecturas-de-clasicos\/hamaika-pauso\/","title":{"rendered":"\u201cHamaika pauso\u201d"},"content":{"rendered":"<p>Niega la venda negra que se le ofrece, con un modesto movimiento de la cabeza, y se le pierde la mirada en busca del testigo que quisiera para su valor, en vano. Enfrente, la l\u00ednea que forman los fusiles se ha cerrado como si cada asesino quisiera esconderse entre los dem\u00e1s. Cuando ya han apretado las mejillas contra las culatas, se esfuerza en buscar apoyo para los ojos, huyendo del v\u00e9rtigo del espanto. Oye el grito sonoro de los apuntes. Pero la fira de las hojas le hace volver la cabeza y ver el cielo azul (&#8230;). Baja los ojos hacia atr\u00e1s, hacia el ancho campo, como si esperara el rostro de un amigo. Una mirada que le ayudar\u00eda en aquellas circunstancias. Pero s\u00f3lo caras oscuras; objetos que nunca volver\u00e1 a ver -ya se le han olvidado los nombres-; \u00e1rboles que nunca volver\u00e1 a ver florecer&#8230; Esta novela es la educaci\u00f3n sentimental y dram\u00e1tica de una generaci\u00f3n que rondaba los treinta a\u00f1os cuando muri\u00f3 Franco.<\/p>\n","protected":false},"excerpt":{"rendered":"<p>Niega la venda negra que se le ofrece, con un modesto movimiento de la cabeza, y se le pierde la mirada en busca del testigo que quisiera para su valor, en vano. Enfrente, la l\u00ednea que forman los fusiles se ha cerrado como si cada asesino quisiera esconderse entre los dem\u00e1s. Cuando ya han apretado las mejillas contra las culatas, [&hellip;]<\/p>\n","protected":false},"author":1,"featured_media":15893,"parent":7336,"menu_order":28,"comment_status":"closed","ping_status":"closed","template":"page-templates\/irakurketa.php","meta":{"_acf_changed":false,"footnotes":""},"categories":[162],"tags":[],"class_list":["post-7310","page","type-page","status-publish","has-post-thumbnail","hentry","category-lectura-de-clasicos-inicio"],"acf":[],"_links":{"self":[{"href":"https:\/\/bilbozaharra.eus\/es\/wp-json\/wp\/v2\/pages\/7310","targetHints":{"allow":["GET"]}}],"collection":[{"href":"https:\/\/bilbozaharra.eus\/es\/wp-json\/wp\/v2\/pages"}],"about":[{"href":"https:\/\/bilbozaharra.eus\/es\/wp-json\/wp\/v2\/types\/page"}],"author":[{"embeddable":true,"href":"https:\/\/bilbozaharra.eus\/es\/wp-json\/wp\/v2\/users\/1"}],"replies":[{"embeddable":true,"href":"https:\/\/bilbozaharra.eus\/es\/wp-json\/wp\/v2\/comments?post=7310"}],"version-history":[{"count":3,"href":"https:\/\/bilbozaharra.eus\/es\/wp-json\/wp\/v2\/pages\/7310\/revisions"}],"predecessor-version":[{"id":16394,"href":"https:\/\/bilbozaharra.eus\/es\/wp-json\/wp\/v2\/pages\/7310\/revisions\/16394"}],"up":[{"embeddable":true,"href":"https:\/\/bilbozaharra.eus\/es\/wp-json\/wp\/v2\/pages\/7336"}],"wp:featuredmedia":[{"embeddable":true,"href":"https:\/\/bilbozaharra.eus\/es\/wp-json\/wp\/v2\/media\/15893"}],"wp:attachment":[{"href":"https:\/\/bilbozaharra.eus\/es\/wp-json\/wp\/v2\/media?parent=7310"}],"wp:term":[{"taxonomy":"category","embeddable":true,"href":"https:\/\/bilbozaharra.eus\/es\/wp-json\/wp\/v2\/categories?post=7310"},{"taxonomy":"post_tag","embeddable":true,"href":"https:\/\/bilbozaharra.eus\/es\/wp-json\/wp\/v2\/tags?post=7310"}],"curies":[{"name":"wp","href":"https:\/\/api.w.org\/{rel}","templated":true}]}}