{"id":7294,"date":"2015-05-27T00:12:00","date_gmt":"2015-05-26T23:12:00","guid":{"rendered":"http:\/\/bilbozaharra.poselab.com\/berriak-2\/"},"modified":"2025-07-12T19:35:10","modified_gmt":"2025-07-12T18:35:10","slug":"noticias","status":"publish","type":"page","link":"https:\/\/bilbozaharra.eus\/es\/noticias\/","title":{"rendered":"Noticias"},"content":{"rendered":"<div class=\"wpb-content-wrapper\"><p>[vc_row inner_container=\u201dno\u201d][vc_column]\n\n  <div class=\"sq-posts-data\" style=\"display: none;\"><input type=\"hidden\" id=\"post-security\" name=\"post-security\" value=\"b4a8be3b25\" \/><input type=\"hidden\" name=\"_wp_http_referer\" value=\"\/es\/wp-json\/wp\/v2\/pages\/7294\" \/><input type=\"hidden\" name=\"pitem\" value=\"0\"><input type=\"hidden\" name=\"post_id\" value=\"7294\"><\/div>\n\n\n  <div class=\"section-container container news\"><div class=\"row\">\n  <article class=\"col-12 col-sm-6 col-md-4 news-index\" id=\"post-17133\" class=\"post-item post-17133 post type-post status-publish format-standard has-post-thumbnail hentry category-noticias\">\n\n\t<div class=\"post-image\">\n\t\t<a href=\"https:\/\/bilbozaharra.eus\/es\/ayudas-economicas-para-aprender-euskera-del-ayuntaminto-de-bilbao-2026\/\" class=\"element-wrap\"><img decoding=\"async\" width=\"500\" height=\"280\" src=\"https:\/\/bilbozaharra.eus\/wp-content\/uploads\/2026\/04\/Bilboko-udala-500x280.jpg\" class=\"attachment-news size-news wp-post-image\" alt=\"\" srcset=\"https:\/\/bilbozaharra.eus\/wp-content\/uploads\/2026\/04\/Bilboko-udala-500x280.jpg 500w, https:\/\/bilbozaharra.eus\/wp-content\/uploads\/2026\/04\/Bilboko-udala-480x270.jpg 480w\" sizes=\"(max-width: 500px) 100vw, 500px\" \/><\/a>\t<\/div>\n\n\t<div class=\"content\">\n\t\t<div class=\"post-header\">\n\t\t\t<h3 class=\"post-title entry-title\">\n\t\t\t\t<a href=\"https:\/\/bilbozaharra.eus\/es\/ayudas-economicas-para-aprender-euskera-del-ayuntaminto-de-bilbao-2026\/\">\n\t\t\t\t\tAyudas econ\u00f3micas para aprender euskera del Ayuntaminto de Bilbao 2026<\/a>\n\t\t\t<\/h3>\n\n\t\t\t<span class=\"post-meta\">\n\t\t\t\t<small><a href=\"https:\/\/bilbozaharra.eus\/es\/ayudas-economicas-para-aprender-euskera-del-ayuntaminto-de-bilbao-2026\/\" rel=\"bookmark\" class=\"post-time\"><time class=\"entry-date\" datetime=\"2026-04-13T08:00:07+01:00\">13\/04\/2026<\/time><time class=\"modify-date hide hidden updated\" datetime=\"2026-04-10T13:51:23+01:00\">10\/04\/2026<\/time><\/a><\/small>\t\t\t<\/span>\n\t\t<\/div>\n\n\t\t\t\t\t<div class=\"post-info\">\n\n\t\t\t\t<div class=\"entry-summary\">\n\t\t\t\t\t\t\t\t\t\t\t<p>Ayudas econ\u00f3micas para aprender euskera Informaci\u00f3: Informaci\u00f3n en papel: hall del edificio Aznar (Plaza Venezuela 2). https:\/\/www.bilbao.eus\/ Beneficiarios: 1)\u00a0\u00a0\u00a0\u00a0\u00a0...<\/p>\t\t\t\t\t\t\t\t\t<\/div>\n\n\t\t\t<\/div>\n\t\t\t<\/div>\n\n<\/article><article class=\"col-12 col-sm-6 col-md-4 news-index\" id=\"post-17138\" class=\"post-item post-17138 post type-post status-publish format-standard has-post-thumbnail hentry category-noticias\">\n\n\t<div class=\"post-image\">\n\t\t<a href=\"https:\/\/bilbozaharra.eus\/es\/habe-2026ko-lehen-azterketaldia\/\" class=\"element-wrap\"><img decoding=\"async\" width=\"500\" height=\"280\" src=\"https:\/\/bilbozaharra.eus\/wp-content\/uploads\/2026\/04\/HABE-azterketak-500x280.jpg\" class=\"attachment-news size-news wp-post-image\" alt=\"\" srcset=\"https:\/\/bilbozaharra.eus\/wp-content\/uploads\/2026\/04\/HABE-azterketak-500x280.jpg 500w, https:\/\/bilbozaharra.eus\/wp-content\/uploads\/2026\/04\/HABE-azterketak-480x270.jpg 480w\" sizes=\"(max-width: 500px) 100vw, 500px\" \/><\/a>\t<\/div>\n\n\t<div class=\"content\">\n\t\t<div class=\"post-header\">\n\t\t\t<h3 class=\"post-title entry-title\">\n\t\t\t\t<a href=\"https:\/\/bilbozaharra.eus\/es\/habe-2026ko-lehen-azterketaldia\/\">\n\t\t\t\t\tHABE: Primera convocatoria de 2026<\/a>\n\t\t\t<\/h3>\n\n\t\t\t<span class=\"post-meta\">\n\t\t\t\t<small><a href=\"https:\/\/bilbozaharra.eus\/es\/habe-2026ko-lehen-azterketaldia\/\" rel=\"bookmark\" class=\"post-time\"><time class=\"entry-date\" datetime=\"2026-04-08T08:00:02+01:00\">08\/04\/2026<\/time><time class=\"modify-date hide hidden updated\" datetime=\"2026-04-22T10:49:31+01:00\">22\/04\/2026<\/time><\/a><\/small>\t\t\t<\/span>\n\t\t<\/div>\n\n\t\t\t\t\t<div class=\"post-info\">\n\n\t\t\t\t<div class=\"entry-summary\">\n\t\t\t\t\t\t\t\t\t\t\t<p>Se recuerda a los alumnos que del 9 al 14 de abril estar\u00e1 abierto el plazo para matricularse en...<\/p>\t\t\t\t\t\t\t\t\t<\/div>\n\n\t\t\t<\/div>\n\t\t\t<\/div>\n\n<\/article><article class=\"col-12 col-sm-6 col-md-4 news-index\" id=\"post-17047\" class=\"post-item post-17047 post type-post status-publish format-standard has-post-thumbnail hentry category-noticias\">\n\n\t<div class=\"post-image\">\n\t\t<a href=\"https:\/\/bilbozaharra.eus\/es\/emakumeak-mugarri\/\" class=\"element-wrap\"><img decoding=\"async\" width=\"500\" height=\"280\" src=\"https:\/\/bilbozaharra.eus\/wp-content\/uploads\/2026\/03\/kahoot-500x280.jpg\" class=\"attachment-news size-news wp-post-image\" alt=\"\" srcset=\"https:\/\/bilbozaharra.eus\/wp-content\/uploads\/2026\/03\/kahoot-500x280.jpg 500w, https:\/\/bilbozaharra.eus\/wp-content\/uploads\/2026\/03\/kahoot-480x270.jpg 480w\" sizes=\"(max-width: 500px) 100vw, 500px\" \/><\/a>\t<\/div>\n\n\t<div class=\"content\">\n\t\t<div class=\"post-header\">\n\t\t\t<h3 class=\"post-title entry-title\">\n\t\t\t\t<a href=\"https:\/\/bilbozaharra.eus\/es\/emakumeak-mugarri\/\">\n\t\t\t\t\tEmakumeak mugarri<\/a>\n\t\t\t<\/h3>\n\n\t\t\t<span class=\"post-meta\">\n\t\t\t\t<small><a href=\"https:\/\/bilbozaharra.eus\/es\/emakumeak-mugarri\/\" rel=\"bookmark\" class=\"post-time\"><time class=\"entry-date\" datetime=\"2026-03-04T08:00:47+01:00\">04\/03\/2026<\/time><time class=\"modify-date hide hidden updated\" datetime=\"2026-03-05T17:49:25+01:00\">05\/03\/2026<\/time><\/a><\/small>\t\t\t<\/span>\n\t\t<\/div>\n\n\t\t\t\t\t<div class=\"post-info\">\n\n\t\t\t\t<div class=\"entry-summary\">\n\t\t\t\t\t\t\t\t\t\t\t<p>Ya ten\u00e9is la exposici\u00f3 de carteles del 8 de marzo en el piso inferior del euskaltegi, tendr\u00e9is ocasi\u00f3n de...<\/p>\t\t\t\t\t\t\t\t\t<\/div>\n\n\t\t\t<\/div>\n\t\t\t<\/div>\n\n<\/article><article class=\"col-12 col-sm-6 col-md-4 news-index\" id=\"post-16924\" class=\"post-item post-16924 post type-post status-publish format-standard has-post-thumbnail hentry category-noticias\">\n\n\t<div class=\"post-image\">\n\t\t<a href=\"https:\/\/bilbozaharra.eus\/es\/concurso-de-tostadas-de-carnaval\/\" class=\"element-wrap\"><img decoding=\"async\" width=\"500\" height=\"280\" src=\"https:\/\/bilbozaharra.eus\/wp-content\/uploads\/2026\/02\/WhatsApp-Image-2026-02-13-at-10.18.08-1-500x280.jpeg\" class=\"attachment-news size-news wp-post-image\" alt=\"\" srcset=\"https:\/\/bilbozaharra.eus\/wp-content\/uploads\/2026\/02\/WhatsApp-Image-2026-02-13-at-10.18.08-1-500x280.jpeg 500w, https:\/\/bilbozaharra.eus\/wp-content\/uploads\/2026\/02\/WhatsApp-Image-2026-02-13-at-10.18.08-1-480x270.jpeg 480w\" sizes=\"(max-width: 500px) 100vw, 500px\" \/><\/a>\t<\/div>\n\n\t<div class=\"content\">\n\t\t<div class=\"post-header\">\n\t\t\t<h3 class=\"post-title entry-title\">\n\t\t\t\t<a href=\"https:\/\/bilbozaharra.eus\/es\/concurso-de-tostadas-de-carnaval\/\">\n\t\t\t\t\tConcurso de tostadas de carnaval<\/a>\n\t\t\t<\/h3>\n\n\t\t\t<span class=\"post-meta\">\n\t\t\t\t<small><a href=\"https:\/\/bilbozaharra.eus\/es\/concurso-de-tostadas-de-carnaval\/\" rel=\"bookmark\" class=\"post-time\"><time class=\"entry-date\" datetime=\"2026-02-20T09:00:57+01:00\">20\/02\/2026<\/time><time class=\"modify-date hide hidden updated\" datetime=\"2026-02-26T10:07:40+01:00\">26\/02\/2026<\/time><\/a><\/small>\t\t\t<\/span>\n\t\t<\/div>\n\n\t\t\t\t\t<div class=\"post-info\">\n\n\t\t\t\t<div class=\"entry-summary\">\n\t\t\t\t\t\t\t\t\t\t\t<p>Durante este mes hemos tenido el concurso de tostadas de carnaval que ya se ha convertido en toda una...<\/p>\t\t\t\t\t\t\t\t\t<\/div>\n\n\t\t\t<\/div>\n\t\t\t<\/div>\n\n<\/article><article class=\"col-12 col-sm-6 col-md-4 news-index\" id=\"post-16932\" class=\"post-item post-16932 post type-post status-publish format-standard has-post-thumbnail hentry category-noticias\">\n\n\t<div class=\"post-image\">\n\t\t<a href=\"https:\/\/bilbozaharra.eus\/es\/leyendas-historias-y-otras\/\" class=\"element-wrap\"><img decoding=\"async\" width=\"500\" height=\"280\" src=\"https:\/\/bilbozaharra.eus\/wp-content\/uploads\/2026\/02\/WhatsApp-Image-2026-02-13-at-12.44.07-500x280.jpeg\" class=\"attachment-news size-news wp-post-image\" alt=\"\" srcset=\"https:\/\/bilbozaharra.eus\/wp-content\/uploads\/2026\/02\/WhatsApp-Image-2026-02-13-at-12.44.07-500x280.jpeg 500w, https:\/\/bilbozaharra.eus\/wp-content\/uploads\/2026\/02\/WhatsApp-Image-2026-02-13-at-12.44.07-480x270.jpeg 480w\" sizes=\"(max-width: 500px) 100vw, 500px\" \/><\/a>\t<\/div>\n\n\t<div class=\"content\">\n\t\t<div class=\"post-header\">\n\t\t\t<h3 class=\"post-title entry-title\">\n\t\t\t\t<a href=\"https:\/\/bilbozaharra.eus\/es\/leyendas-historias-y-otras\/\">\n\t\t\t\t\tLeyendas, historias y otras<\/a>\n\t\t\t<\/h3>\n\n\t\t\t<span class=\"post-meta\">\n\t\t\t\t<small><a href=\"https:\/\/bilbozaharra.eus\/es\/leyendas-historias-y-otras\/\" rel=\"bookmark\" class=\"post-time\"><time class=\"entry-date\" datetime=\"2026-02-13T10:00:55+01:00\">13\/02\/2026<\/time><time class=\"modify-date hide hidden updated\" datetime=\"2026-02-26T10:33:30+01:00\">26\/02\/2026<\/time><\/a><\/small>\t\t\t<\/span>\n\t\t<\/div>\n\n\t\t\t\t\t<div class=\"post-info\">\n\n\t\t\t\t<div class=\"entry-summary\">\n\t\t\t\t\t\t\t\t\t\t\t<p>Ayer, nuestr@s alumn@s tuvieron la ocasi\u00f3n de adentrarse en las leyendas, historias y otras de la cultura vasca de...<\/p>\t\t\t\t\t\t\t\t\t<\/div>\n\n\t\t\t<\/div>\n\t\t\t<\/div>\n\n<\/article><article class=\"col-12 col-sm-6 col-md-4 news-index\" id=\"post-16969\" class=\"post-item post-16969 post type-post status-publish format-standard has-post-thumbnail hentry category-noticias\">\n\n\t<div class=\"post-image\">\n\t\t<a href=\"https:\/\/bilbozaharra.eus\/es\/taller-de-mascaras\/\" class=\"element-wrap\"><img decoding=\"async\" width=\"500\" height=\"280\" src=\"https:\/\/bilbozaharra.eus\/wp-content\/uploads\/2026\/02\/WhatsApp-Image-2026-02-11-at-13.03.43-1-500x280.jpeg\" class=\"attachment-news size-news wp-post-image\" alt=\"\" srcset=\"https:\/\/bilbozaharra.eus\/wp-content\/uploads\/2026\/02\/WhatsApp-Image-2026-02-11-at-13.03.43-1-500x280.jpeg 500w, https:\/\/bilbozaharra.eus\/wp-content\/uploads\/2026\/02\/WhatsApp-Image-2026-02-11-at-13.03.43-1-480x270.jpeg 480w\" sizes=\"(max-width: 500px) 100vw, 500px\" \/><\/a>\t<\/div>\n\n\t<div class=\"content\">\n\t\t<div class=\"post-header\">\n\t\t\t<h3 class=\"post-title entry-title\">\n\t\t\t\t<a href=\"https:\/\/bilbozaharra.eus\/es\/taller-de-mascaras\/\">\n\t\t\t\t\tTaller de m\u00e1scaras<\/a>\n\t\t\t<\/h3>\n\n\t\t\t<span class=\"post-meta\">\n\t\t\t\t<small><a href=\"https:\/\/bilbozaharra.eus\/es\/taller-de-mascaras\/\" rel=\"bookmark\" class=\"post-time\"><time class=\"entry-date\" datetime=\"2026-02-12T10:34:11+01:00\">12\/02\/2026<\/time><time class=\"modify-date hide hidden updated\" datetime=\"2026-02-26T10:48:18+01:00\">26\/02\/2026<\/time><\/a><\/small>\t\t\t<\/span>\n\t\t<\/div>\n\n\t\t\t\t\t<div class=\"post-info\">\n\n\t\t\t\t<div class=\"entry-summary\">\n\t\t\t\t\t\t\t\t\t\t\t<p>Tenemos los carnavales a la vuelta de la esquina, y para adentrarnos en ese ambiente festivo, ayer realizamos un...<\/p>\t\t\t\t\t\t\t\t\t<\/div>\n\n\t\t\t<\/div>\n\t\t\t<\/div>\n\n<\/article><article class=\"col-12 col-sm-6 col-md-4 news-index\" id=\"post-16897\" class=\"post-item post-16897 post type-post status-publish format-standard has-post-thumbnail hentry category-noticias\">\n\n\t<div class=\"post-image\">\n\t\t<a href=\"https:\/\/bilbozaharra.eus\/es\/santa-agueda\/\" class=\"element-wrap\"><img decoding=\"async\" width=\"500\" height=\"280\" src=\"https:\/\/bilbozaharra.eus\/wp-content\/uploads\/slider6\/WhatsAppImage2026-02-04at1143111-500x280.jpeg\" class=\"attachment-news size-news wp-post-image\" alt=\"\" srcset=\"https:\/\/bilbozaharra.eus\/wp-content\/uploads\/slider6\/WhatsAppImage2026-02-04at1143111-500x280.jpeg 500w, https:\/\/bilbozaharra.eus\/wp-content\/uploads\/slider6\/WhatsAppImage2026-02-04at1143111-480x270.jpeg 480w\" sizes=\"(max-width: 500px) 100vw, 500px\" \/><\/a>\t<\/div>\n\n\t<div class=\"content\">\n\t\t<div class=\"post-header\">\n\t\t\t<h3 class=\"post-title entry-title\">\n\t\t\t\t<a href=\"https:\/\/bilbozaharra.eus\/es\/santa-agueda\/\">\n\t\t\t\t\tSanta Agueda<\/a>\n\t\t\t<\/h3>\n\n\t\t\t<span class=\"post-meta\">\n\t\t\t\t<small><a href=\"https:\/\/bilbozaharra.eus\/es\/santa-agueda\/\" rel=\"bookmark\" class=\"post-time\"><time class=\"entry-date\" datetime=\"2026-02-05T10:00:37+01:00\">05\/02\/2026<\/time><time class=\"modify-date hide hidden updated\" datetime=\"2026-02-05T10:36:24+01:00\">05\/02\/2026<\/time><\/a><\/small>\t\t\t<\/span>\n\t\t<\/div>\n\n\t\t\t\t\t<div class=\"post-info\">\n\n\t\t\t\t<div class=\"entry-summary\">\n\t\t\t\t\t\t\t\t\t\t\t<p>Como todos los a\u00f1os, tambi\u00e9n este a\u00f1o el euskaltegi Bilbo Zaharra ha salido\u00a0 a revivir\u00a0 las\u00a0 antiguas tradiciones ....<\/p>\t\t\t\t\t\t\t\t\t<\/div>\n\n\t\t\t<\/div>\n\t\t\t<\/div>\n\n<\/article><article class=\"col-12 col-sm-6 col-md-4 news-index\" id=\"post-16972\" class=\"post-item post-16972 post type-post status-publish format-standard has-post-thumbnail hentry category-berriak category-bilbo-zaharra-forum category-ekintzak category-klasikoen-irakurketa category-leturiaren-egunkari-ezkutua\">\n\n\t<div class=\"post-image\">\n\t\t<a href=\"https:\/\/bilbozaharra.eus\/es\/hurrengo-bilbo-zaharra-forumeko-jardunaldiak-martxoak-2026\/\" class=\"element-wrap\"><img decoding=\"async\" width=\"500\" height=\"280\" src=\"https:\/\/bilbozaharra.eus\/wp-content\/uploads\/2026\/02\/2ak-500x280.jpg\" class=\"attachment-news size-news wp-post-image\" alt=\"\" srcset=\"https:\/\/bilbozaharra.eus\/wp-content\/uploads\/2026\/02\/2ak-500x280.jpg 500w, https:\/\/bilbozaharra.eus\/wp-content\/uploads\/2026\/02\/2ak-480x270.jpg 480w\" sizes=\"(max-width: 500px) 100vw, 500px\" \/><\/a>\t<\/div>\n\n\t<div class=\"content\">\n\t\t<div class=\"post-header\">\n\t\t\t<h3 class=\"post-title entry-title\">\n\t\t\t\t<a href=\"https:\/\/bilbozaharra.eus\/es\/hurrengo-bilbo-zaharra-forumeko-jardunaldiak-martxoak-2026\/\">\n\t\t\t\t\tHurrengo Bilbo Zaharra Forumeko jardunaldiak<\/a>\n\t\t\t<\/h3>\n\n\t\t\t<span class=\"post-meta\">\n\t\t\t\t<small><a href=\"https:\/\/bilbozaharra.eus\/es\/hurrengo-bilbo-zaharra-forumeko-jardunaldiak-martxoak-2026\/\" rel=\"bookmark\" class=\"post-time\"><time class=\"entry-date\" datetime=\"2026-02-02T09:00:09+01:00\">02\/02\/2026<\/time><time class=\"modify-date hide hidden updated\" datetime=\"2026-02-26T12:50:25+01:00\">26\/02\/2026<\/time><\/a><\/small>\t\t\t<\/span>\n\t\t<\/div>\n\n\t\t\t\t\t<div class=\"post-info\">\n\n\t\t\t\t<div class=\"entry-summary\">\n\t\t\t\t\t\t\t\t\t\t\t<p>Hiruilabete honetako Bilbo Zaharra Forumeko jardunaldiak, Txilardegiri eta \u201cLeturiaren egunkari ezkutua\u201d liburuari eskeiniko dizkiogu, lehen euskal eleberri modernoa, martxoaren...<\/p>\t\t\t\t\t\t\t\t\t<\/div>\n\n\t\t\t<\/div>\n\t\t\t<\/div>\n\n<\/article><article class=\"col-12 col-sm-6 col-md-4 news-index\" id=\"post-16980\" class=\"post-item post-16980 post type-post status-publish format-standard has-post-thumbnail hentry category-berriak category-bilbo-zaharra-forum category-ekintzak category-klasikoen-irakurketa category-leturiaren-egunkari-ezkutua\">\n\n\t<div class=\"post-image\">\n\t\t<a href=\"https:\/\/bilbozaharra.eus\/es\/2026-03-04-leire-vargas-aner-euzkitze-eta-maddi-ane-txoporena-bertso-saioa\/\" class=\"element-wrap\"><img decoding=\"async\" width=\"500\" height=\"280\" src=\"https:\/\/bilbozaharra.eus\/wp-content\/uploads\/2026\/02\/4a-Kopia-500x280.jpg\" class=\"attachment-news size-news wp-post-image\" alt=\"\" srcset=\"https:\/\/bilbozaharra.eus\/wp-content\/uploads\/2026\/02\/4a-Kopia-500x280.jpg 500w, https:\/\/bilbozaharra.eus\/wp-content\/uploads\/2026\/02\/4a-Kopia-480x270.jpg 480w\" sizes=\"(max-width: 500px) 100vw, 500px\" \/><\/a>\t<\/div>\n\n\t<div class=\"content\">\n\t\t<div class=\"post-header\">\n\t\t\t<h3 class=\"post-title entry-title\">\n\t\t\t\t<a href=\"https:\/\/bilbozaharra.eus\/es\/2026-03-04-leire-vargas-aner-euzkitze-eta-maddi-ane-txoporena-bertso-saioa\/\">\n\t\t\t\t\t2026-03-04 Leire Vargas, Aner Euzkitze eta Maddi Ane Txoporena: Bertso saioa<\/a>\n\t\t\t<\/h3>\n\n\t\t\t<span class=\"post-meta\">\n\t\t\t\t<small><a href=\"https:\/\/bilbozaharra.eus\/es\/2026-03-04-leire-vargas-aner-euzkitze-eta-maddi-ane-txoporena-bertso-saioa\/\" rel=\"bookmark\" class=\"post-time\"><time class=\"entry-date\" datetime=\"2026-02-02T08:55:22+01:00\">02\/02\/2026<\/time><time class=\"modify-date hide hidden updated\" datetime=\"2026-03-17T09:22:04+01:00\">17\/03\/2026<\/time><\/a><\/small>\t\t\t<\/span>\n\t\t<\/div>\n\n\t\t\t\t\t<div class=\"post-info\">\n\n\t\t\t\t<div class=\"entry-summary\">\n\t\t\t\t\t\t\t\t\t\t\t<p>02Noiz: Martxoaren 4a, asteazkena, 19:00 Non: Euskaltzaindiako areto nagusian, Bilboko Plaza Barrian Bertso-saio literarioa Txilardegiren \u201cLeturiaren egunkari ezkutua\u201d liburuan...<\/p>\t\t\t\t\t\t\t\t\t<\/div>\n\n\t\t\t<\/div>\n\t\t\t<\/div>\n\n<\/article>\n  <\/div>\n  <\/div> <!-- END post listing -->\n\n  \n<nav class=\"pagination-nav clear\" role=\"navigation\"><ul class=\"pagination\"><li><span aria-current=\"page\" class=\"page-numbers current\">1<\/span><\/li><li><a class=\"page-numbers\" href=\"https:\/\/bilbozaharra.eus\/es\/wp-json\/wp\/v2\/pages\/7294\/page\/2\/\">2<\/a><\/li><li><a class=\"page-numbers\" href=\"https:\/\/bilbozaharra.eus\/es\/wp-json\/wp\/v2\/pages\/7294\/page\/3\/\">3<\/a><\/li><li><span class=\"page-numbers dots\">&hellip;<\/span><\/li><li><a class=\"page-numbers\" href=\"https:\/\/bilbozaharra.eus\/es\/wp-json\/wp\/v2\/pages\/7294\/page\/32\/\">32<\/a><\/li><li><a class=\"next page-numbers\" href=\"https:\/\/bilbozaharra.eus\/es\/wp-json\/wp\/v2\/pages\/7294\/page\/2\/\">&raquo;<\/a><\/li><\/ul><\/nav>[\/vc_column][\/vc_row]<\/p>\n<\/div>","protected":false},"excerpt":{"rendered":"<p>[vc_row inner_container=\u201dno\u201d][vc_column][\/vc_column][\/vc_row]<\/p>\n","protected":false},"author":1,"featured_media":0,"parent":0,"menu_order":8,"comment_status":"closed","ping_status":"closed","template":"","meta":{"_acf_changed":false,"footnotes":""},"categories":[],"tags":[],"class_list":["post-7294","page","type-page","status-publish","hentry"],"acf":[],"_links":{"self":[{"href":"https:\/\/bilbozaharra.eus\/es\/wp-json\/wp\/v2\/pages\/7294","targetHints":{"allow":["GET"]}}],"collection":[{"href":"https:\/\/bilbozaharra.eus\/es\/wp-json\/wp\/v2\/pages"}],"about":[{"href":"https:\/\/bilbozaharra.eus\/es\/wp-json\/wp\/v2\/types\/page"}],"author":[{"embeddable":true,"href":"https:\/\/bilbozaharra.eus\/es\/wp-json\/wp\/v2\/users\/1"}],"replies":[{"embeddable":true,"href":"https:\/\/bilbozaharra.eus\/es\/wp-json\/wp\/v2\/comments?post=7294"}],"version-history":[{"count":2,"href":"https:\/\/bilbozaharra.eus\/es\/wp-json\/wp\/v2\/pages\/7294\/revisions"}],"predecessor-version":[{"id":13405,"href":"https:\/\/bilbozaharra.eus\/es\/wp-json\/wp\/v2\/pages\/7294\/revisions\/13405"}],"wp:attachment":[{"href":"https:\/\/bilbozaharra.eus\/es\/wp-json\/wp\/v2\/media?parent=7294"}],"wp:term":[{"taxonomy":"category","embeddable":true,"href":"https:\/\/bilbozaharra.eus\/es\/wp-json\/wp\/v2\/categories?post=7294"},{"taxonomy":"post_tag","embeddable":true,"href":"https:\/\/bilbozaharra.eus\/es\/wp-json\/wp\/v2\/tags?post=7294"}],"curies":[{"name":"wp","href":"https:\/\/api.w.org\/{rel}","templated":true}]}}