{"id":7288,"date":"2011-06-23T10:37:47","date_gmt":"2011-06-23T09:37:47","guid":{"rendered":"http:\/\/bilbozaharra.poselab.com\/euskara-planak\/"},"modified":"2026-04-29T11:23:20","modified_gmt":"2026-04-29T10:23:20","slug":"berbalan-planes-de-euskara","status":"publish","type":"page","link":"https:\/\/bilbozaharra.eus\/es\/euskaltegia\/berbalan-planes-de-euskara\/","title":{"rendered":"Berbalan \u2013 Planes de euskara"},"content":{"rendered":"<div class=\"wpb-content-wrapper\"><p>[vc_row][vc_column][vc_column_text css=\u201d\u201d]<\/p>\n<h2>\u00bfQu\u00e9 te ofrece un plan de euskera?<\/h2>\n<ul>\n<li><a href=\"https:\/\/bilbozaharra.eus\/wp-content\/uploads\/2026\/04\/berbalan-dossierra-2008.pdf\"><img decoding=\"async\" class=\"alignright wp-image-17172 \" src=\"https:\/\/bilbozaharra.eus\/wp-content\/uploads\/2026\/04\/Berbalan-300x240.jpg\" alt=\"\" width=\"339\" height=\"271\" srcset=\"https:\/\/bilbozaharra.eus\/wp-content\/uploads\/2026\/04\/Berbalan-300x240.jpg 300w, https:\/\/bilbozaharra.eus\/wp-content\/uploads\/2026\/04\/Berbalan-672x537.jpg 672w, https:\/\/bilbozaharra.eus\/wp-content\/uploads\/2026\/04\/Berbalan-480x384.jpg 480w, https:\/\/bilbozaharra.eus\/wp-content\/uploads\/2026\/04\/Berbalan.jpg 683w\" sizes=\"(max-width: 339px) 100vw, 339px\" \/><\/a>Aumentar la presencia y el uso del euskera en tu empresa de forma sencilla y eficaz.<\/li>\n<li>Una imagen de empresa insertada en su entorno, moderna y din\u00e1mica.<\/li>\n<li>Atraer a clientes biling\u00fces que en un futuro ser\u00e1n mayor\u00eda.<\/li>\n<li>Mejorar el ambiente laboral de tus empleados.<\/li>\n<li>Una inversi\u00f3n en calidad y una apuesta de futuro.<\/li>\n<\/ul>\n<h2>\u00bfQu\u00e9 te ofrece nuestro servicio de asesor\u00eda?<\/h2>\n<ul>\n<li>Diagn\u00f3stico de la situaci\u00f3n inicial mediante aplicaciones inform\u00e1ticas y entrevistas personalizadas.<\/li>\n<li>Una vez confirmado el compromiso de\u00a0la empresa para con el plan de euskera, elaboramos el dise\u00f1o del mismo.<\/li>\n<li>Ponemos a tu alcance todos los medios econ\u00f3micos y t\u00e9cnicos necesarios:\n<ul>\n<li>Servicios de traducci\u00f3n<\/li>\n<li>Cursos de formaci\u00f3n (presenciales, on-line)<\/li>\n<li>Cursos especializados (en el mismo lugar de trabajo, on-line\u2026)<\/li>\n<\/ul>\n<\/li>\n<\/ul>\n<p>944 158 292 \/\u00a0<a href=\"mailto:euskaltegia@bilbozaharra.eus\" target=\"_blank\" rel=\"noopener\">euskaltegia@bilbozaharra.eus<\/a><\/p>\n<div><\/div>\n<p>[\/vc_column_text][\/vc_column][\/vc_row]<\/p>\n<\/div>","protected":false},"excerpt":{"rendered":"<p>[vc_row][vc_column][vc_column_text css=\u201d\u201d] \u00bfQu\u00e9 te ofrece un plan de euskera? Aumentar la presencia y el uso del euskera en tu empresa de forma sencilla y eficaz. Una imagen de empresa insertada en su entorno, moderna y din\u00e1mica. Atraer a clientes biling\u00fces que en un futuro ser\u00e1n mayor\u00eda. Mejorar el ambiente laboral de tus empleados. Una inversi\u00f3n en calidad y una apuesta [&hellip;]<\/p>\n","protected":false},"author":1,"featured_media":16498,"parent":7435,"menu_order":2,"comment_status":"closed","ping_status":"closed","template":"","meta":{"_acf_changed":false,"footnotes":""},"categories":[],"tags":[],"class_list":["post-7288","page","type-page","status-publish","has-post-thumbnail","hentry"],"acf":[],"_links":{"self":[{"href":"https:\/\/bilbozaharra.eus\/es\/wp-json\/wp\/v2\/pages\/7288","targetHints":{"allow":["GET"]}}],"collection":[{"href":"https:\/\/bilbozaharra.eus\/es\/wp-json\/wp\/v2\/pages"}],"about":[{"href":"https:\/\/bilbozaharra.eus\/es\/wp-json\/wp\/v2\/types\/page"}],"author":[{"embeddable":true,"href":"https:\/\/bilbozaharra.eus\/es\/wp-json\/wp\/v2\/users\/1"}],"replies":[{"embeddable":true,"href":"https:\/\/bilbozaharra.eus\/es\/wp-json\/wp\/v2\/comments?post=7288"}],"version-history":[{"count":3,"href":"https:\/\/bilbozaharra.eus\/es\/wp-json\/wp\/v2\/pages\/7288\/revisions"}],"predecessor-version":[{"id":17176,"href":"https:\/\/bilbozaharra.eus\/es\/wp-json\/wp\/v2\/pages\/7288\/revisions\/17176"}],"up":[{"embeddable":true,"href":"https:\/\/bilbozaharra.eus\/es\/wp-json\/wp\/v2\/pages\/7435"}],"wp:featuredmedia":[{"embeddable":true,"href":"https:\/\/bilbozaharra.eus\/es\/wp-json\/wp\/v2\/media\/16498"}],"wp:attachment":[{"href":"https:\/\/bilbozaharra.eus\/es\/wp-json\/wp\/v2\/media?parent=7288"}],"wp:term":[{"taxonomy":"category","embeddable":true,"href":"https:\/\/bilbozaharra.eus\/es\/wp-json\/wp\/v2\/categories?post=7288"},{"taxonomy":"post_tag","embeddable":true,"href":"https:\/\/bilbozaharra.eus\/es\/wp-json\/wp\/v2\/tags?post=7288"}],"curies":[{"name":"wp","href":"https:\/\/api.w.org\/{rel}","templated":true}]}}