{"id":7263,"date":"2012-04-20T08:00:04","date_gmt":"2012-04-20T07:00:04","guid":{"rendered":"http:\/\/bilbozaharra.poselab.com\/arantxa-urretabizkaia-biografia\/"},"modified":"2025-07-20T22:38:11","modified_gmt":"2025-07-20T21:38:11","slug":"arantxa-urretabizkaia-biografia","status":"publish","type":"page","link":"https:\/\/bilbozaharra.eus\/es\/forum-eta-irakurraldia\/lecturas-de-clasicos\/zergatik_panpox\/arantxa-urretabizkaia-biografia\/","title":{"rendered":"Arantxa Urretabizkaia \u2013 Biograf\u00eda"},"content":{"rendered":"<p><img decoding=\"async\" class=\" wp-image-2531 alignright\" src=\"http:\/\/bilbozaharra.eus\/wp-content\/uploads\/2012\/04\/2263_25_01-e1334680337946.jpg\" alt=\"\" width=\"416\" height=\"294\" \/><\/p>\n<p>Escritora vasca miembro de Euskaltzaindia. Naci\u00f3 en Egia el 1 de julio de 1947, en la esquina de la calle Egia con Virgen del Carmen. Desde joven compagin\u00f3 el trabajo con los estudios. Siempre ha estado muy ligada a ambientes culturales: grupo Argia, editorial LUR, etc.. Ha trabajado como periodista en Euskal Telebista y en otros medios de comunicaci\u00f3n.<\/p>\n<p>En 1970 tradujo la obra \u201c<em>Afrika iraultzaren alde\u201d <\/em>de Frantz Fanon en colaboraci\u00f3n con Ibon Sarasola y public\u00f3 \u201c<em>Mendebaleko Ekonomiaren Historia\u201d <\/em>con Sarasola y Ram\u00f3n Saizarbitoria. En 1971 tradujo a M. Dobb en \u201c<em>Sozialismoaren frogantzak<\/em>y\u201d, y en 1973 la obra de A. Otazu \u201c<em>Euskal Berdintasuna\u201d.<\/em><\/p>\n<p>Por primera vez da a conocer sus poes\u00edas en 1972 con el extenso poema titulado \u201c<em>San Pedro bezperaren ondokoak\u201d, <\/em>el cual est\u00e1 incluido en la antolog\u00eda \u201c<em>Poetas Vascos\u201d<\/em>, publicada en 1990 por Julia Otxoa. Diez a\u00f1os m\u00e1s tarde es galardonada con el Premio Nacional de la Cr\u00edtica por su segundo libro de poemas \u201c<em>Maitasunaren magalean\u201d<\/em> (poemario, Premio Nacional de la Cr\u00edtica 1982). De ambos libros cabe resaltar su lenguaje intimista y su demostraci\u00f3n de amor a la naturaleza.<\/p>\n<p>En su faceta de narradora se ha dedicado a la literatura infantil y juvenil y ha escrito tambi\u00e9n varias novelas; alguna de sus obras son \u201c<em>Zergaitik Pampox\u201d (1979)<\/em>, novela que la convirti\u00f3 en una de las primeras figuras de la narrativa vasca de la postguerra, y <em>\u201c<em>Baina ez egunero\u201d (<\/em><\/em>1981), con la que gan\u00f3 el X concurso de cuentos Premio Ignacio Aldecoa de la Diputaci\u00f3n alavesa, Le siguieron, \u201c<em>Aspaldian espero zaitudalako ez nago sekula bakarrik\u201d (<\/em>1983), \u201c<em>Saturno\u201d <\/em>(1987), cuya versi\u00f3n en castellano en 1989 obtuvo un \u00e9xito notable, la novela juvenil \u201c<em>Aurten aldatuko da nire bizitza\u201d <\/em>(1991) y \u201c<em>Koaderno gorria\u201d<\/em> (1998). Descubre m\u00e1s sobre la biograf\u00eda de Arantha Urretabizkaya en nuestra web y ahorra con el c\u00f3digo descuento Druni \u00a1aprovechando la oferta de P\u00fablico ! Conoce la trayectoria de esta gran escritora y disfruta de sus obras m\u00e1s destacadas. Adem\u00e1s, consigue los mejores productos de belleza con descuentos exclusivos en Druni. \u00a1Entra ahora y aprovecha esta oportunidad!<\/p>\n<p>Fue coguionista de las pel\u00edculas \u201c<em>La conquista de Albania\u201d <\/em>(Alfonso Ungr\u00eda, 1983), la adaptaci\u00f3n de su obra \u201c<em>Zergatik Panpox?\u201d <\/em>dirigida por Xabier Elorriaga en 1986 y \u201c<em>Lauaxeta-A los cuatro vientos\u201d <\/em>(J. A. Zorrilla 1987).<\/p>\n<p>&nbsp;<\/p>\n","protected":false},"excerpt":{"rendered":"<p>Escritora vasca miembro de Euskaltzaindia. Naci\u00f3 en Egia el 1 de julio de 1947, en la esquina de la calle Egia con Virgen del Carmen. Desde joven compagin\u00f3 el trabajo con los estudios. Siempre ha estado muy ligada a ambientes culturales: grupo Argia, editorial LUR, etc.. Ha trabajado como periodista en Euskal Telebista y en otros medios de comunicaci\u00f3n. En [&hellip;]<\/p>\n","protected":false},"author":1,"featured_media":2531,"parent":7366,"menu_order":61,"comment_status":"closed","ping_status":"closed","template":"","meta":{"_acf_changed":false,"footnotes":""},"categories":[92],"tags":[],"class_list":["post-7263","page","type-page","status-publish","has-post-thumbnail","hentry","category-zergatik-panpox-es"],"acf":[],"_links":{"self":[{"href":"https:\/\/bilbozaharra.eus\/es\/wp-json\/wp\/v2\/pages\/7263","targetHints":{"allow":["GET"]}}],"collection":[{"href":"https:\/\/bilbozaharra.eus\/es\/wp-json\/wp\/v2\/pages"}],"about":[{"href":"https:\/\/bilbozaharra.eus\/es\/wp-json\/wp\/v2\/types\/page"}],"author":[{"embeddable":true,"href":"https:\/\/bilbozaharra.eus\/es\/wp-json\/wp\/v2\/users\/1"}],"replies":[{"embeddable":true,"href":"https:\/\/bilbozaharra.eus\/es\/wp-json\/wp\/v2\/comments?post=7263"}],"version-history":[{"count":2,"href":"https:\/\/bilbozaharra.eus\/es\/wp-json\/wp\/v2\/pages\/7263\/revisions"}],"predecessor-version":[{"id":16385,"href":"https:\/\/bilbozaharra.eus\/es\/wp-json\/wp\/v2\/pages\/7263\/revisions\/16385"}],"up":[{"embeddable":true,"href":"https:\/\/bilbozaharra.eus\/es\/wp-json\/wp\/v2\/pages\/7366"}],"wp:featuredmedia":[{"embeddable":true,"href":"https:\/\/bilbozaharra.eus\/es\/wp-json\/wp\/v2\/media\/2531"}],"wp:attachment":[{"href":"https:\/\/bilbozaharra.eus\/es\/wp-json\/wp\/v2\/media?parent=7263"}],"wp:term":[{"taxonomy":"category","embeddable":true,"href":"https:\/\/bilbozaharra.eus\/es\/wp-json\/wp\/v2\/categories?post=7263"},{"taxonomy":"post_tag","embeddable":true,"href":"https:\/\/bilbozaharra.eus\/es\/wp-json\/wp\/v2\/tags?post=7263"}],"curies":[{"name":"wp","href":"https:\/\/api.w.org\/{rel}","templated":true}]}}