{"id":7258,"date":"2015-04-01T08:00:33","date_gmt":"2015-04-01T07:00:33","guid":{"rendered":"http:\/\/bilbozaharra.poselab.com\/narrazio-guztiak\/"},"modified":"2025-07-19T01:52:44","modified_gmt":"2025-07-19T00:52:44","slug":"narrazio-guztiak","status":"publish","type":"page","link":"https:\/\/bilbozaharra.eus\/es\/forum-eta-irakurraldia\/lecturas-de-clasicos\/narrazio-guztiak\/","title":{"rendered":"\u201cNarrazio guztiak\u201d"},"content":{"rendered":"<p><span style=\"background-color: #f1f5ff; font-size: 1.125rem;\">Hace siete a\u00f1os le\u00edmos el G\u00fcero de Axular, hace seis el Peru Abarca de Mogel, hace cinco el Haur besoetakoa de Jon Mirande, hace cuatro Hamaika pauso de Ram\u00f3n Saizarbitoria, hace tres <\/span><a style=\"background-color: #f1f5ff; font-size: 1.125rem;\" href=\"http:\/\/bilbozaharra.com\/es\/2012\/04\/zergatik_panpox\/\">Zergatik Panpox<\/a><span style=\"background-color: #f1f5ff; font-size: 1.125rem;\"> de Arantxa Urretabizkaia, hace dos\u00a0<\/span><a style=\"background-color: #f1f5ff; font-size: 1.125rem;\" href=\"https:\/\/bilbozaharra.eus\/forum-eta-irakurraldia\/klasikoen-irakurketa\/obabakoak-25-urte\/\">Obabakoak<\/a><span style=\"background-color: #f1f5ff; font-size: 1.125rem;\"> de Bernardo Atxaga, el a\u00f1o pasado <\/span><a style=\"background-color: #f1f5ff; font-size: 1.125rem;\" href=\"https:\/\/bilbozaharra.eus\/forum-eta-irakurraldia\/klasikoen-irakurketa\/harri-eta-herri-50-urte\/\">Harri eta Herri<\/a><span style=\"background-color: #f1f5ff; font-size: 1.125rem;\"> de Gabriel Aresti, y este a\u00f1o tendremos como libro Narrazio guztiak de Joseba Sarrionandia. Los alumnos y profesores de BILBO ZAHARRA euskaltegia estamos muy contentos, y orgullosos, ya que el proyecto \u201cLectura ininterrumpida de cl\u00e1sicos\u201d est\u00e1 adquiriendo cada vez m\u00e1s fuerza, y porque poco a poco se est\u00e1 cumpliendo nuestro objetivo de manifestar los valores y la actualidad de los cl\u00e1sicos.<\/span><\/p>\n<p><em><img decoding=\"async\" class=\"alignright size-medium wp-image-16005\" src=\"https:\/\/bilbozaharra.eus\/wp-content\/uploads\/2025\/07\/Narrazio-guztiak-300x450.jpg\" alt=\"\" width=\"300\" height=\"450\" srcset=\"https:\/\/bilbozaharra.eus\/wp-content\/uploads\/2025\/07\/Narrazio-guztiak-300x450.jpg 300w, https:\/\/bilbozaharra.eus\/wp-content\/uploads\/2025\/07\/Narrazio-guztiak-833x1250.jpg 833w, https:\/\/bilbozaharra.eus\/wp-content\/uploads\/2025\/07\/Narrazio-guztiak-768x1152.jpg 768w, https:\/\/bilbozaharra.eus\/wp-content\/uploads\/2025\/07\/Narrazio-guztiak-672x1008.jpg 672w, https:\/\/bilbozaharra.eus\/wp-content\/uploads\/2025\/07\/Narrazio-guztiak-480x720.jpg 480w, https:\/\/bilbozaharra.eus\/wp-content\/uploads\/2025\/07\/Narrazio-guztiak.jpg 1000w\" sizes=\"(max-width: 300px) 100vw, 300px\" \/><\/em>En las primeras cuatro ediciones, a la hora de elegir lo que se iba a leer, nos hemos servido del orden cronol\u00f3gico de las obras. Es decir, empezando por un libro del siglo XVII, siguiendo con otro de entre los siglos XVIII y XIX, y llegando casi al siglo XXI. Han sido tres saltos, dos de ellos de unos 160 a\u00f1os cada uno, y otro de unos 50, dentro de la historia de la literatura vasca. En las \u00faltimas cuatro ediciones, por el contrario, hemos elegido otro tipo de criterios.<\/p>\n<p>En el caso de Zergatik panpox, por ser precursor de la literatura femenina, en el de Obabakoak para celebrar el 25 aniversario de su primera publicaci\u00f3n, el a\u00f1o pasado con Harri eta herri, el abrirle las puertas a la poes\u00eda vasca, y a su vez celebrar el 50 aniversario de su publicaci\u00f3n, y este a\u00f1o, para celebrar el 25 aniversario de que Joseba Sarrionandia termin\u00f3 de escribir sus narraciones.<\/p>\n","protected":false},"excerpt":{"rendered":"<p>Hace siete a\u00f1os le\u00edmos el G\u00fcero de Axular, hace seis el Peru Abarca de Mogel, hace cinco el Haur besoetakoa de Jon Mirande, hace cuatro Hamaika pauso de Ram\u00f3n Saizarbitoria, hace tres Zergatik Panpox de Arantxa Urretabizkaia, hace dos\u00a0Obabakoak de Bernardo Atxaga, el a\u00f1o pasado Harri eta Herri de Gabriel Aresti, y este a\u00f1o tendremos como libro Narrazio guztiak de [&hellip;]<\/p>\n","protected":false},"author":1,"featured_media":7259,"parent":7336,"menu_order":66,"comment_status":"closed","ping_status":"closed","template":"page-templates\/irakurketa.php","meta":{"_acf_changed":false,"footnotes":""},"categories":[162],"tags":[],"class_list":["post-7258","page","type-page","status-publish","has-post-thumbnail","hentry","category-lectura-de-clasicos-inicio"],"acf":[],"_links":{"self":[{"href":"https:\/\/bilbozaharra.eus\/es\/wp-json\/wp\/v2\/pages\/7258","targetHints":{"allow":["GET"]}}],"collection":[{"href":"https:\/\/bilbozaharra.eus\/es\/wp-json\/wp\/v2\/pages"}],"about":[{"href":"https:\/\/bilbozaharra.eus\/es\/wp-json\/wp\/v2\/types\/page"}],"author":[{"embeddable":true,"href":"https:\/\/bilbozaharra.eus\/es\/wp-json\/wp\/v2\/users\/1"}],"replies":[{"embeddable":true,"href":"https:\/\/bilbozaharra.eus\/es\/wp-json\/wp\/v2\/comments?post=7258"}],"version-history":[{"count":3,"href":"https:\/\/bilbozaharra.eus\/es\/wp-json\/wp\/v2\/pages\/7258\/revisions"}],"predecessor-version":[{"id":16364,"href":"https:\/\/bilbozaharra.eus\/es\/wp-json\/wp\/v2\/pages\/7258\/revisions\/16364"}],"up":[{"embeddable":true,"href":"https:\/\/bilbozaharra.eus\/es\/wp-json\/wp\/v2\/pages\/7336"}],"wp:featuredmedia":[{"embeddable":true,"href":"https:\/\/bilbozaharra.eus\/es\/wp-json\/wp\/v2\/media\/7259"}],"wp:attachment":[{"href":"https:\/\/bilbozaharra.eus\/es\/wp-json\/wp\/v2\/media?parent=7258"}],"wp:term":[{"taxonomy":"category","embeddable":true,"href":"https:\/\/bilbozaharra.eus\/es\/wp-json\/wp\/v2\/categories?post=7258"},{"taxonomy":"post_tag","embeddable":true,"href":"https:\/\/bilbozaharra.eus\/es\/wp-json\/wp\/v2\/tags?post=7258"}],"curies":[{"name":"wp","href":"https:\/\/api.w.org\/{rel}","templated":true}]}}