{"id":7246,"date":"2015-04-01T08:10:46","date_gmt":"2015-04-01T06:10:46","guid":{"rendered":"http:\/\/bilbozaharra.poselab.com\/narrazio-guztiak-25-urteurrena\/"},"modified":"2015-08-07T21:45:50","modified_gmt":"2015-08-07T21:45:50","slug":"narrazio-guztiak-25-urteurrena","status":"publish","type":"page","link":"https:\/\/bilbozaharra.eus\/es\/forum-eta-irakurraldia\/lecturas-de-clasicos\/narrazio-guztiak\/narrazio-guztiak-25-urteurrena\/","title":{"rendered":"\u201cNarrazio guztiak\u201d \u2013 25 a\u00f1os"},"content":{"rendered":"<p><a href=\"http:\/\/bilbozaharra.com\/contenidos\/2015\/04\/azala.jpeg\"><img decoding=\"async\" class=\" alignright\" src=\"http:\/\/bilbozaharra.eus\/wp-content\/uploads\/2015\/04\/azala-225x300.jpg\" alt=\"\" width=\"225\" height=\"300\" \/><\/a><\/p>\n<p>En junio de 2015 se cumplen 30 a\u00f1os desde que termin\u00f3 de escribir Narrazio guztiak, esto es, desde que termin\u00f3 en la carcel Ifar aldeko orduak. Fecha a recordar sin duda por todos los euskaltzales. Si hay libro que marque el inicio de la creaci\u00f3n del cuento moderno en euskera, ese es Narrazioak, la colecci\u00f3n de relatos que Joseba Sarrionandia public\u00f3 en 1983, trajo una nueva sensibilidad en el lenguaje utilizado, tanto en la forma de contar la historia como en la tem\u00e1tica. Trabaj\u00f3 una nueva forma de comunicar, tan elegante como expl\u00edcita, llena de colores y ecos; en la t\u00e9cnica, utilizaba desde la experimentaci\u00f3n hasta la fantas\u00eda, con referencias literarias de aqu\u00ed y de all\u00ed; respecto a la situaci\u00f3n, aparec\u00edan tiempos y lugares cualesquiera, tanto viajes ex\u00f3ticos como las esquinas de casa desde los recuerdos de un ni\u00f1o.<\/p>\n<p>En la d\u00e9cada de los 80, el iurretarra public\u00f3 tres libros de cuentos: el ya mencionado Narrazioak, Atabala eta euria (1985) e Ipar aldeko orduak (1990). A parte de esos, tres historietas escritas antes, las cuales no hab\u00edan sido publicadas en libros. El escritor las ha reescrito ahora, con correcciones, cambiando el estilo de arriba abajo pero siendo fiel a su esp\u00edritu de siempre. El resultado, cl\u00e1sico como actual, capaz de deslumbrar tanto a lectores j\u00f3venes como a los de toda la vida.<\/p>\n<div><\/div>\n","protected":false},"excerpt":{"rendered":"<p>En junio de 2015 se cumplen 30 a\u00f1os desde que termin\u00f3 de escribir Narrazio guztiak, esto es, desde que termin\u00f3 en la carcel Ifar aldeko orduak. Fecha a recordar sin duda por todos los euskaltzales. Si hay libro que marque el inicio de la creaci\u00f3n del cuento moderno en euskera, ese es Narrazioak, la colecci\u00f3n de relatos que Joseba Sarrionandia [&hellip;]<\/p>\n","protected":false},"author":1,"featured_media":7247,"parent":7258,"menu_order":43,"comment_status":"closed","ping_status":"closed","template":"","meta":{"_acf_changed":false,"footnotes":""},"categories":[81,83,84],"tags":[],"class_list":["post-7246","page","type-page","status-publish","has-post-thumbnail","hentry","category-actividades","category-lectura-de-clasicos","category-narrazio-guztiak-es"],"acf":[],"_links":{"self":[{"href":"https:\/\/bilbozaharra.eus\/es\/wp-json\/wp\/v2\/pages\/7246","targetHints":{"allow":["GET"]}}],"collection":[{"href":"https:\/\/bilbozaharra.eus\/es\/wp-json\/wp\/v2\/pages"}],"about":[{"href":"https:\/\/bilbozaharra.eus\/es\/wp-json\/wp\/v2\/types\/page"}],"author":[{"embeddable":true,"href":"https:\/\/bilbozaharra.eus\/es\/wp-json\/wp\/v2\/users\/1"}],"replies":[{"embeddable":true,"href":"https:\/\/bilbozaharra.eus\/es\/wp-json\/wp\/v2\/comments?post=7246"}],"version-history":[{"count":0,"href":"https:\/\/bilbozaharra.eus\/es\/wp-json\/wp\/v2\/pages\/7246\/revisions"}],"up":[{"embeddable":true,"href":"https:\/\/bilbozaharra.eus\/es\/wp-json\/wp\/v2\/pages\/7258"}],"wp:featuredmedia":[{"embeddable":true,"href":"https:\/\/bilbozaharra.eus\/es\/wp-json\/wp\/v2\/media\/7247"}],"wp:attachment":[{"href":"https:\/\/bilbozaharra.eus\/es\/wp-json\/wp\/v2\/media?parent=7246"}],"wp:term":[{"taxonomy":"category","embeddable":true,"href":"https:\/\/bilbozaharra.eus\/es\/wp-json\/wp\/v2\/categories?post=7246"},{"taxonomy":"post_tag","embeddable":true,"href":"https:\/\/bilbozaharra.eus\/es\/wp-json\/wp\/v2\/tags?post=7246"}],"curies":[{"name":"wp","href":"https:\/\/api.w.org\/{rel}","templated":true}]}}