{"id":12757,"date":"2025-04-07T09:00:38","date_gmt":"2025-04-07T08:00:38","guid":{"rendered":"https:\/\/bilbozaharra.eus\/ipui-onac\/"},"modified":"2025-07-15T23:20:57","modified_gmt":"2025-07-15T22:20:57","slug":"ipui-onac","status":"publish","type":"page","link":"https:\/\/bilbozaharra.eus\/es\/forum-eta-irakurraldia\/lecturas-de-clasicos\/ipui-onac\/","title":{"rendered":"\u201cIpui Onac\u201d"},"content":{"rendered":"<p>La palabra Euskaltegi la invent\u00f3 el Padre Imanol Berriatuak en la d\u00e9cada de los setenta del pasado siglo. En aquel momento, los euskaltzalez, se quedaron con la necesidad de inventar una nueva palabra para expresar un nuevo concepto. Las gau-eskolas ampliaron a todo el d\u00eda el horario para aprender euskera, y as\u00ed, formaron un nuevo modelo de centro escolar, que tuvo una enorme evoluci\u00f3n durante los a\u00f1os siguientes.<\/p>\n<p>Bilbo Zaharra euskaltegia, desde sus inicios en el coraz\u00f3n de Bilbao, siempre ha sido algo m\u00e1s que un centro para aprender euskera. De ello son testigos, entre otros, las iniciativas y actividades que se han ido desarrollando durante a\u00f1os, y que hoy en d\u00eda permanecen, como: Gorozikako barnetegia, la revista Barra-barra, servicio de planes de euskera para empresas, servicio de traducciones. Berbaldun taldea\u2026 y tambi\u00e9n la iniciativa Bilbo Zaharra Forum: que quiere ser zona de encuentro, de debate, de todo lo que pasa en el campo de la cultura vasca. 30 a\u00f1os de fruct\u00edfero camino.<\/p>\n<p><img decoding=\"async\" class=\"alignright wp-image-12744\" src=\"https:\/\/bilbozaharra.eus\/wp-content\/uploads\/2025\/05\/portada-690x1024.jpg\" alt=\"\" width=\"400\" height=\"594\" srcset=\"https:\/\/bilbozaharra.eus\/wp-content\/uploads\/2025\/05\/portada-690x1024.jpg 690w, https:\/\/bilbozaharra.eus\/wp-content\/uploads\/2025\/05\/portada-202x300.jpg 202w, https:\/\/bilbozaharra.eus\/wp-content\/uploads\/2025\/05\/portada-768x1140.jpg 768w, https:\/\/bilbozaharra.eus\/wp-content\/uploads\/2025\/05\/portada-1034x1536.jpg 1034w, https:\/\/bilbozaharra.eus\/wp-content\/uploads\/2025\/05\/portada-1379x2048.jpg 1379w, https:\/\/bilbozaharra.eus\/wp-content\/uploads\/2025\/05\/portada-672x998.jpg 672w, https:\/\/bilbozaharra.eus\/wp-content\/uploads\/2025\/05\/portada-1038x1541.jpg 1038w, https:\/\/bilbozaharra.eus\/wp-content\/uploads\/2025\/05\/portada-480x713.jpg 480w, https:\/\/bilbozaharra.eus\/wp-content\/uploads\/2025\/05\/portada.jpg 1724w\" sizes=\"(max-width: 400px) 100vw, 400px\" \/>En ese contexto se sit\u00faa el proyecto Klasikoen Irakurraldi Etenik Gabea, junto con los Forums, dentro de las actividades realizadas para acercar la literatura a la poblaci\u00f3n. A dem\u00e1s, siempre ha tenido doble funci\u00f3n: por una parte, impulsar la cultura vasca entre la poblaci\u00f3n, y por otra parte, premiar de alguna forma el esfuerzo de nuestros alumnos. Por eso Bilbo Zaharra euskaltegia ha ubicado la lectura a final de curso, junto con la Euskara\u2013ikasleen jaia. Lectura y fiesta. Aunque parezca una combinaci\u00f3n curiosa, no es de extra\u00f1ar. Cada vez hay m\u00e1s alumnos que gozan de la literatura vasca y que disfrutan leyendo cl\u00e1sicos. A trav\u00e9s de esta fiesta, con la participaci\u00f3n de representantes de todos los \u00e1mbitos, les mostramos nuestro agradecimiento a los alumnos. Ellos hacen un duro trabajo durante el curso, y a final del mismo, les queremos ofrecer una merecida celebraci\u00f3n por el esfuerzo realizado.<\/p>\n<p>Nos preguntan, \u00bfpor qu\u00e9 hacerles un reconocimiento a los alumnos? A continuaci\u00f3n varias respuestas: porque quieren vivir en euskera en Bilbao, porque quieren aprender euskera, porque hacen un esfuerzo incre\u00edble, porque pasan malos momentos, porque son el futuro del euskera, porque son la columna vertebral del euskera, porque tienen compromiso, porque quieren hablar en euskera con sus hijos, porque en el trabajo quieren hablar en euskera, porque son plurales, porque son cr\u00edticos, porque quieren re\u00edr en euskera, porque quieren entender los bertsos, porque quieren entender las canciones, porque se sienten parte del euskaltegi, porque est\u00e1n orgullosos de estudiar en el euskaltegi, porque quieren el euskera a las calles, porque no quieren o\u00edr nunca m\u00e1s \u201cHorrela ez da esaten\u201d, porque ha aparecido su euskaldunidad, queriendo ense\u00f1arla y que la conozcamos, porque tienen una inmensa paciencia, por darle vida al euskera, por darle color, porque quieren jugar con el idioma, porque quieren gozar del idioma, porque no est\u00e1n de acuerdo con la opini\u00f3n del profesor, porque tienen que soportar los sermones del profesor, y aun as\u00ed respetarlo, porque son generosos, porque son agradecidos. En dos palabras: son indispensables.<\/p>\n<h2>Historia<\/h2>\n<p><img decoding=\"async\" class=\"alignright size-large wp-image-15940\" src=\"https:\/\/bilbozaharra.eus\/wp-content\/uploads\/2025\/07\/a3a7896-1250x833.jpg\" alt=\"\" width=\"1200\" height=\"800\" srcset=\"https:\/\/bilbozaharra.eus\/wp-content\/uploads\/2025\/07\/a3a7896-1250x833.jpg 1250w, https:\/\/bilbozaharra.eus\/wp-content\/uploads\/2025\/07\/a3a7896-300x200.jpg 300w, https:\/\/bilbozaharra.eus\/wp-content\/uploads\/2025\/07\/a3a7896-768x512.jpg 768w, https:\/\/bilbozaharra.eus\/wp-content\/uploads\/2025\/07\/a3a7896-1536x1024.jpg 1536w, https:\/\/bilbozaharra.eus\/wp-content\/uploads\/2025\/07\/a3a7896-2048x1365.jpg 2048w, https:\/\/bilbozaharra.eus\/wp-content\/uploads\/2025\/07\/a3a7896-672x448.jpg 672w, https:\/\/bilbozaharra.eus\/wp-content\/uploads\/2025\/07\/a3a7896-1038x692.jpg 1038w, https:\/\/bilbozaharra.eus\/wp-content\/uploads\/2025\/07\/a3a7896-480x320.jpg 480w\" sizes=\"(max-width: 1200px) 100vw, 1200px\" \/>Como se dice en la introducci\u00f3n, euskaltegi, seg\u00fan los diccionarios, es una academia para aprender y ense\u00f1ar euskera, concretamente en el \u00e1mbito de la ense\u00f1anza adultos. Cuando hablamos de Bilbo Zaharra euskaltegia, a esa definici\u00f3n le falta un complemento muy importante: referente en actividades culturales extraescolares, es decir, menci\u00f3n al incre\u00edble trabajo que realiza en favor del uso de la cultura vasca.<\/p>\n<p>Se conocen tres \u00e9pocas o fases en la historia cultural de Bilbo Zaharra. La primera \u00e9poca comenz\u00f3 en 1984. Hac\u00eda tres o cuatro a\u00f1os que la banda dej\u00f3 de publicar, pero su influencia era muy destacable en el \u00e1mbito cultural de Bilbao, eso se reflej\u00f3 claramente en las jornadas de f\u00f3rum que organiz\u00f3 Bilbo Zaharra. Los invitados de la primera fase dieron comienzo al ciclo llamado \u201cKultura eta konpromisoa\u201d. Aunque el franquismo y la transici\u00f3n hab\u00edan quedado atr\u00e1s, ese tema atrajo a mucha gente a las ponencias. Entre los expertos que formaron parte en aquellas charlas hab\u00eda nombres muy conocidos: Atxaga, Juaristi, Onaindia, Manu Ertzilla, Federiko Krutwig, que dio dos conferencias memorables en una semana, Emilio L\u00f3pez Adan Beltza, Xabier Kintana, Xabier Mendiguren, Alfonso Sastre (el \u00fanico invitado que habl\u00f3 en castellano en estos quince a\u00f1os de forum), Josu Landa,\u2026<\/p>\n<p>En la segunda \u00e9poca, se dejaron de organizar ponencias y la comisi\u00f3n de cultira comenz\u00f3 a realizar dos tipos de eventos. Se leyeron y comentaron (y criticaron) muchos libros en este lugar de encuentro; por ejemplo,, Gizona bere bakardadean, Otto Pette, Nik ere Germinal! egin nuen aldarri, Euskaldungoa erroizturik, \u2026 tambi\u00e9n libros en castellano como Tel\u00e9polis. Por otro lado, comenzaron a publicar la revista Aldrebesa. Esa revista fue muy importante en la d\u00e9cada de los 90 en el \u00e1mbito cultural del euskaltegi. En sus p\u00e1ginas hab\u00eda dos tipos de publicadiones: producciones propias realizadas por los alumnos del euskaltegi, y externas, que recog\u00edan pinceladas de literatura extranjera a base de traducciones.<\/p>\n<p>La tercera \u00e9poca, y de momento la \u00faltima, comenz\u00f3 en 2001, con un t\u00edtulo bastante representativo: \u201cEuskal kulturaren ajeak eta literatura\u201d. Han pasado por nuestras jornadas muchos de los m\u00e1s conocidos escritores vascos: tanto ganadores del Premio nacional (Bernardo Atxaga, Unai Elorriaga, Mariasun Landa), como ganadores del Premio Euskadi (Ramon Saizarbitoria, Anjel Lertxundi, Felipe Juaristi, Ixaro Borda, Lourdes O\u00f1ederra,\u2026), y a otros que pueden tomarse como precursores de las nuevas generaciones (Harkaitz Cano, Kirmen Uribe,\u2026), algunos nos han visitado no solo una vez, si no dos o varias veces (Joan Mari Irigoien, Koldo Izagirre,\u2026), y a parte de ficci\u00f3n, escritores estrictos que han trabajado el ensayo (Joseba Zulaika, Txema Larrea, Aurelia Arkotxa, Eduardo Gil Bera, Aingeru Epaltza,\u2026), y escritoras como Toti Martinez de Lezea, que aunque primero escribi\u00f3 en acstellano, le ha dado m\u00e1s relevancia a su obra en euskera.<\/p>\n<p>En cualquier caso, en todos estos a\u00f1os, en los eventos impulsados por Bilbo Zaharra euskaltegia no todo ha sido literatura, tambi\u00e9n se han tocado otros palos, como por ejemplo, la ciencia, de la mano del cient\u00edfico Pedro Miguel Etxenike; o el artea, de la mano del artista Koldobika Jauregi sin ir m\u00e1s lejos. Del mismo modo, hay que mencionar los actos realizados en honor a personas fundamentales en nuestro \u00e1mbito cultural, y que por un motivo u otro no se encuentran entre nosotros; como por ejemplo Jorge Oteiza, Mario Onaindia y Joseba Sarrionandia.<\/p>\n<p>En este contexto se cre\u00f3 Klasikoen irakurraldi etenik gabea, para darle al euskera un altavoz gigante desde el coraz\u00f3n de Bilbao. Desde ese s\u00edmbolo tan significativo de nuestra ciudad como es el teatro Arriaga, d\u00e1ndole prestigio a nuestra lengua y abri\u00e9ndola a los cuatro vientos, con la participaci\u00f3n de los ciudadanos de todos los \u00e1mbitos.<\/p>\n<h2>Elecci\u00f3n y criterios<\/h2>\n<p><img decoding=\"async\" class=\"alignright size-large wp-image-15944\" src=\"https:\/\/bilbozaharra.eus\/wp-content\/uploads\/2025\/07\/a3a8047-1250x833.jpg\" alt=\"\" width=\"1200\" height=\"800\" srcset=\"https:\/\/bilbozaharra.eus\/wp-content\/uploads\/2025\/07\/a3a8047-1250x833.jpg 1250w, https:\/\/bilbozaharra.eus\/wp-content\/uploads\/2025\/07\/a3a8047-300x200.jpg 300w, https:\/\/bilbozaharra.eus\/wp-content\/uploads\/2025\/07\/a3a8047-768x512.jpg 768w, https:\/\/bilbozaharra.eus\/wp-content\/uploads\/2025\/07\/a3a8047-1536x1024.jpg 1536w, https:\/\/bilbozaharra.eus\/wp-content\/uploads\/2025\/07\/a3a8047-2048x1365.jpg 2048w, https:\/\/bilbozaharra.eus\/wp-content\/uploads\/2025\/07\/a3a8047-672x448.jpg 672w, https:\/\/bilbozaharra.eus\/wp-content\/uploads\/2025\/07\/a3a8047-1038x692.jpg 1038w, https:\/\/bilbozaharra.eus\/wp-content\/uploads\/2025\/07\/a3a8047-480x320.jpg 480w\" sizes=\"(max-width: 1200px) 100vw, 1200px\" \/>Para elegir qu\u00e9 es lo que se va a leer, en las primeras cuatro ediciones, nos guiamos por el criterio del orden cronol\u00f3gico. Comenzando con un libro del siglo XVI (Guero), siguiendo con uno del XVII (Peru Abarka), llegando a mitad del siglo XIX (Haur Besoetakoa) y acabando casi en el siglo XXI (Hamaika pauso). Fueron tres saltos, dos de 160 a\u00f1os, y otro de 50, dentro de la historia de la literatura vasca. en las \u00faltimas ediciones, en cambio, hemos usado otro tipo de criterios. El el caso de Zergatik panpox de Arantza Urretabizkaia, el que fuese precursor de la literatura femenina; en el caso de Obabakoak, celebramos el 25 aniversario desde su primera publicaci\u00f3n; en 2014 le abrimos las puertas a la poes\u00eda vasca y, de paso, celebrar el 50 aniversario de la publicaci\u00f3n de Harri eta Herri; en 2015, fue el 25 aniversario de que Joseba Sarrionandia terminase su camino con las narraciones; en 2016, reivindicamos la importancia y el valor de la traducci\u00f3n con La Metamorfosis de Kafka; en 2017, quisimos escapar de los estereotipos tray\u00e9ndolos a la actualidad y reivindicar el protagonismo de la mujer en la literatura vasca con %100 Basque de Itxaro Borda; en 2018, quisimos subrayar la importancia del bizkaiera y tambi\u00e9n celebrar el aniversario de Euskaltzaindia y el euskara batua con Kresala de Txomin Agirre; en 2019, destacamos su aportaci\u00f3n a la prosa vasca y el 25 aniversario de la publicaci\u00f3n de Otto Pette de Lertxundi; en 2020, destacamos la importancia para nuestra lengua de la literatura infantil y juvenil con la elecci\u00f3n de varios de los CUENTOS de Mariasun Landa. En 2021, el libro elegido fue Linguae Vasconum Primitiae (1545) de Bernart Etxepare, y a trav\u00e9s de \u00e9l, quisimos destacar dos de sus cualidades con respecto a la literatura: por un lado, la importancia de haber sido el primer libro publicado en euskera, y por otro, el ser modelo de la poes\u00eda popular. En 2022, celebramos el 10 aniversario de Martutene, de Ramon Saizarbitoria, novela que dio fin a toda una \u00e9poca, y la cual nos da la posibilidad de interpretar la mayor\u00eda de los discursos que definen el mundo vasco. Hace dos a\u00f1os, el libro elegido fue Kristalezko begi bat de Miren Agur Meabe. Con este trabajo en concreto, quer\u00edamos homenajear a todas las mujeres que est\u00e1n en primera linea; construyendo un puente entre lo cl\u00e1sico con lo actual con nuevas voces y miradas literarias. El a\u00f1o pasado, con la novela Bilbao-New York-Bilbao de Kirmen Uribe quisimos reivindicar que los escritores vascos tambi\u00e9n est\u00e1n presentes a nivel internacional, y que sus obras hoy en d\u00eda se leen en muchos idiomas. Y este a\u00f1o, traeremos a la memoria a Bizenta Mogel con <strong>Ipui Onac<\/strong>, primera mujer en publicar un libro en euskera.<\/p>\n","protected":false},"excerpt":{"rendered":"<p>La palabra Euskaltegi la invent\u00f3 el Padre Imanol Berriatuak en la d\u00e9cada de los setenta del pasado siglo. En aquel momento, los euskaltzalez, se quedaron con la necesidad de inventar una nueva palabra para expresar un nuevo concepto. Las gau-eskolas ampliaron a todo el d\u00eda el horario para aprender euskera, y as\u00ed, formaron un nuevo modelo de centro escolar, que [&hellip;]<\/p>\n","protected":false},"author":2,"featured_media":12723,"parent":7336,"menu_order":23,"comment_status":"closed","ping_status":"closed","template":"page-templates\/irakurketa.php","meta":{"_acf_changed":false,"footnotes":""},"categories":[162],"tags":[],"class_list":["post-12757","page","type-page","status-publish","has-post-thumbnail","hentry","category-lectura-de-clasicos-inicio"],"acf":[],"_links":{"self":[{"href":"https:\/\/bilbozaharra.eus\/es\/wp-json\/wp\/v2\/pages\/12757","targetHints":{"allow":["GET"]}}],"collection":[{"href":"https:\/\/bilbozaharra.eus\/es\/wp-json\/wp\/v2\/pages"}],"about":[{"href":"https:\/\/bilbozaharra.eus\/es\/wp-json\/wp\/v2\/types\/page"}],"author":[{"embeddable":true,"href":"https:\/\/bilbozaharra.eus\/es\/wp-json\/wp\/v2\/users\/2"}],"replies":[{"embeddable":true,"href":"https:\/\/bilbozaharra.eus\/es\/wp-json\/wp\/v2\/comments?post=12757"}],"version-history":[{"count":15,"href":"https:\/\/bilbozaharra.eus\/es\/wp-json\/wp\/v2\/pages\/12757\/revisions"}],"predecessor-version":[{"id":16231,"href":"https:\/\/bilbozaharra.eus\/es\/wp-json\/wp\/v2\/pages\/12757\/revisions\/16231"}],"up":[{"embeddable":true,"href":"https:\/\/bilbozaharra.eus\/es\/wp-json\/wp\/v2\/pages\/7336"}],"wp:featuredmedia":[{"embeddable":true,"href":"https:\/\/bilbozaharra.eus\/es\/wp-json\/wp\/v2\/media\/12723"}],"wp:attachment":[{"href":"https:\/\/bilbozaharra.eus\/es\/wp-json\/wp\/v2\/media?parent=12757"}],"wp:term":[{"taxonomy":"category","embeddable":true,"href":"https:\/\/bilbozaharra.eus\/es\/wp-json\/wp\/v2\/categories?post=12757"},{"taxonomy":"post_tag","embeddable":true,"href":"https:\/\/bilbozaharra.eus\/es\/wp-json\/wp\/v2\/tags?post=12757"}],"curies":[{"name":"wp","href":"https:\/\/api.w.org\/{rel}","templated":true}]}}