{"id":10348,"date":"2019-04-29T07:50:56","date_gmt":"2019-04-29T06:50:56","guid":{"rendered":"https:\/\/bilbozaharra.eus\/es\/forum-y-lectura\/lecturas-de-clasicos\/otto-pette\/anjel-lertxundi\/"},"modified":"2025-07-17T16:53:32","modified_gmt":"2025-07-17T15:53:32","slug":"anjel-lertxundi","status":"publish","type":"page","link":"https:\/\/bilbozaharra.eus\/es\/forum-eta-irakurraldia\/lecturas-de-clasicos\/otto-pette\/anjel-lertxundi\/","title":{"rendered":"Anjel Lertxundi &#8211; Biografia"},"content":{"rendered":"<p><img decoding=\"async\" class=\"alignright wp-image-10100\" src=\"https:\/\/bilbozaharra.eus\/wp-content\/uploads\/2018\/10\/lertxundi.jpg\" alt=\"\" width=\"430\" height=\"287\" srcset=\"https:\/\/bilbozaharra.eus\/wp-content\/uploads\/2018\/10\/lertxundi.jpg 540w, https:\/\/bilbozaharra.eus\/wp-content\/uploads\/2018\/10\/lertxundi-300x200.jpg 300w, https:\/\/bilbozaharra.eus\/wp-content\/uploads\/2018\/10\/lertxundi-480x320.jpg 480w\" sizes=\"(max-width: 430px) 100vw, 430px\" \/>Nacido en Orio en 1948.<\/p>\n<p>Naci\u00f3 en el baserri Andu, de ah\u00ed le viene su seud\u00f3nimo. Estudi\u00f3 en el Seminario de San Sebasti\u00e1n. Tiene las titulaciones de Magisterio (San Sebasti\u00e1n) y Licenciatura en Filosof\u00eda y Letras (Roma y Valencia). Fue profesor en la Ikastola Salbatore Mitxelena de Zarauz, de la cual fue director durante cuatro a\u00f1os. Vive en el mismo Zarauz desde su infancia. Tambi\u00e9n ha sido profesor de Literatura Vasca y Literatura Universal en la Escuela de Magisterio de la Di\u00f3cesis de San Sebasti\u00e1n en los a\u00f1os 1979-1989.<\/p>\n<p>Escritor de gran producci\u00f3n, ha tratado todos los \u00e1mbitos, empezando por la novela y los cuentos, hasta la traducci\u00f3n, art\u00edculos, ensayos, sin olvidar la literatura infantil y juvenil. En 1970 public\u00f3 su primer libro: la colecci\u00f3n de cuentos Hunik arrats artea. Desde entonces su producci\u00f3n literaria no ha hecho m\u00e1s que crecer.<\/p>\n<p>Tambi\u00e9n trabaj\u00f3 de periodista, en el primer a\u00f1o de Egin. A parte, ha colaborado en varios medios de comunicaci\u00f3n, Egunkaria, Berria, Diario Vasco, El Pa\u00eds, El Mundo, La Vanguardia, Diario 16, El Correo, y varias revistas.<\/p>\n<p>Ha tomado parte en la creaci\u00f3n del cat\u00e1logo de muestras de artistas, por ejemplo en: Ikederrerako de Ram\u00f3n Serras ; de Agust\u00edn Sagasti para la Fundaci\u00f3n Bilbao Bizkaia Kutxa; Exposici\u00f3n Antol\u00f3gica de Andr\u00e9s Nagel para la Biblioteca Foral Koldo Mitxelena de San Sebasti\u00e1n.<\/p>\n<p>Ha escrito cr\u00edtica literaria y cinematogr\u00e1fica para Diario Vasco, El Mundo, revista del Zinemaldi de San Sebasti\u00e1n, y Egunkaria-Berria.<\/p>\n<p>En televisi\u00f3n ha trabajado como guionista y consejero de programas. Tambi\u00e9n se ha movido en el mundo del cine dirigiendo dos pel\u00edculas: en 1984 \u201cHamaseigarrenean, aidanez\u201d (basada en su libro hom\u00f3nimo) y en 1987 \u201cKareletik\u201d. Otra de sus novelas fue llevada al cine, Zorion Perfektua, pero en esta Andu no form\u00f3 parte.<\/p>\n<p>La base de datos de la comunidad cient\u00edfica vasca Inguma tiene 69 aportaciones suyas.<\/p>\n<p>Es uno de los fundadores de la Asociaci\u00f3n de Escritores Vascos en 1982, siendo nombrado su presidente hasta 1985.<\/p>\n<p>Es Euskaltzain colaborador, y ha sido propuesto para ser euskaltzain de pleno derecho. Lertxundi es uno de los mejores escritores vascos y de mucho oficio.<\/p>\n<p>Anjel Lertxundi no es muy tecn\u00f3filo, pero siempre le ha dado mucha importancia a Internet. Es uno de los escritores vascos que m\u00e1s ha destacado en ese \u00e1mbito. Tiene un blog personal llamado Hitz beste en la web Berria.eus. En dicho blog publica la columna diaria que escribe en el peri\u00f3dico Berria, a la que le a\u00f1ade post scriptum, y ah\u00ed Lertxundi explica c\u00f3mo ha escrito cada columna, por qu\u00e9 ha elegido algunas de las palabras o puntos de vista y por qu\u00e9 no otros\u2026nos explica su forma de escribir.<\/p>\n<p>Fan\u00e1tico de los juegos de palabras, es un impulsor incansable de revolver y enriquecer el diccionario. Anjel Lertxundi ha inventado varias palabras relacionadas con Internet, las cuales han hecho su camino en la red:<\/p>\n<p>Ha ganado dos veces el Premio Nacional de la Cr\u00edtica en narrativa y poes\u00eda en euskera, Hamaseigarrenean, aidanez (1893) y Kapitain Frakasa (1991). En 1999 gan\u00f3 el Premio de Literatura de Euskadi por el libro Argizariaren egunak .En 2010 gan\u00f3 el Premio Nacional de Literatura en ensayo por el libro Eskarmentuaren paperak (en castellano traducido como Vida y otras dudas). A dem\u00e1s fue finalista en 1994 por la novela Otto Pette. En 2010 recibi\u00f3 el premio Rosal\u00eda de Castro por su trayectoria literaria.<\/p>\n<h2>Obras<\/h2>\n<h3>Literatura infantil y juvenil<\/h3>\n<ul>\n<li><i>Portzelanazko irudiak<\/i>, 1981, Erein<\/li>\n<li><i>Tristeak kontsolatzeko makina<\/i> 1981, Erein. Traducido al castellano como <i>La m\u00e1quina de la felicidad<\/i> (1988).<\/li>\n<li><i>Gizon kabalen piurak<\/i> 1982, Erein<\/li>\n<li><i>Artillero, dale fuego<\/i> 1986, Erein<\/li>\n<li><i>Eskiatzaile herrenaren kasua<\/i> 1988, Erein<\/li>\n<li><i>Estalaktita rockeroaren kasua<\/i> 1988, Erein<\/li>\n<li><i>Kaxkajo bahituaren kasua<\/i> 1988, Erein<\/li>\n<li><i>Paris de la France-ko pateen kasua<\/i> 1988, Erein<\/li>\n<li><i>Alarguntsa sikodelikoaren kasua<\/i> 1989, Erein<\/li>\n<li><i>Sardina ezpain gorriaren kasua<\/i> 1989, Erein<\/li>\n<li><i>Peru eta Marixe, mila eta bat komerixe<\/i> 1993, Erein<\/li>\n<li><i>Tresak eta kordelak<\/i> 1993, Zarautzko Udala<\/li>\n<li><i>Nire kuleroak<\/i> 1999, Elkar<\/li>\n<li><i>Muxubero, mon amour<\/i> 2000, Elkar<\/li>\n<\/ul>\n<h3>Relatos<\/h3>\n<ul>\n<li><i>Hunik arrats artean<\/i> 1970, Lur<\/li>\n<li><i>Ajea du Urturik<\/i> 1971, Gero Mensajero<\/li>\n<li><i>Goiko kale<\/i> 1973, Gero Mensajero<\/li>\n<li><i>Aise eman zenidan eskua<\/i> 1980, Erein<\/li>\n<li><i>Urtero da aurten<\/i> 1984, Erein<\/li>\n<li><i>Lurrak berdinduko nau<\/i> 1990, Erein<\/li>\n<li><i>Piztiaren izena<\/i> 1995, Alberdania. Publicado en castellano como novela corta llamada <i>El hu\u00e9sped de la noche<\/i> (2001, Alfaguara)<\/li>\n<\/ul>\n<h3>Novela<\/h3>\n<ul>\n<li><i><img decoding=\"async\" class=\"alignright wp-image-15989\" src=\"https:\/\/bilbozaharra.eus\/wp-content\/uploads\/2025\/07\/otto-pette.jpg\" alt=\"\" width=\"430\" height=\"629\" srcset=\"https:\/\/bilbozaharra.eus\/wp-content\/uploads\/2025\/07\/otto-pette.jpg 684w, https:\/\/bilbozaharra.eus\/wp-content\/uploads\/2025\/07\/otto-pette-300x439.jpg 300w, https:\/\/bilbozaharra.eus\/wp-content\/uploads\/2025\/07\/otto-pette-672x982.jpg 672w, https:\/\/bilbozaharra.eus\/wp-content\/uploads\/2025\/07\/otto-pette-480x702.jpg 480w\" sizes=\"(max-width: 430px) 100vw, 430px\" \/>Hamaseigarrenean, aidanez<\/i> 1983, Erein<\/li>\n<li><i>Tobacco days<\/i> 1987, Erein<\/li>\n<li><i>Carla<\/i> 1989, Erein<\/li>\n<li><i>Kapitain frakasa<\/i> 1991, Erein<\/li>\n<li><i>Otto Pette: hilean bizian bezala<\/i> 1994, Alberdania. Traducida al castellano como <i>Las \u00faltimas sombras<\/i> (1996, Seix Barral). Finalista del Premio Nacional de Literatura en la modalidad de narrativa en 1994.<\/li>\n<li><i>Azkenaz beste<\/i> 1996, Alberdania. Traducido al castellano como <i>Un final para Nora<\/i> (1999, Alfaguara)<\/li>\n<li><i>Argizariaren egunak<\/i> 1998, Alberdania. Traducido al castellano <i>Los d\u00edas de la cera<\/i> (2001, Alfaguara).<\/li>\n<li><i>Lehorreko koadernoa<\/i> 1998, Alberdania. Traducido al castellano como <i>Cuaderno de tierra firme<\/i><\/li>\n<li><i>Zorion perfektua<\/i> 2002, Alberdania. Traducido al castellano como <i>La felicidad perfecta<\/i><\/li>\n<li><i>Konpainia noblean<\/i> 2004, Alberdania<\/li>\n<li><i>Ihes betea<\/i> 2006, Alberdania. Traducido al castellano como <i>L\u00ednea de fuga<\/i><\/li>\n<li><i>Zoaz infernura, laztana<\/i> (2008) , Alberdania<\/li>\n<li><i>Etxeko hautsa<\/i> (2011), Alberdania. Traducido al castellano como <i>Los trapos sucios<\/i><\/li>\n<\/ul>\n<h3>Ensayo<\/h3>\n<ul>\n<li><i>Gaurko literatura<\/i> 1968, Seminario de San Sebasti\u00e1n.<\/li>\n<li><i>Pio Baroja<\/i> 1972, Gero Mensajero<\/li>\n<li><i>Xabier Lizardi, olerkari eta prosista<\/i> 1974, Jakin<\/li>\n<li><i>Haur literaturaz<\/i> 1982, Erein<\/li>\n<li><i>Letrak kalekantoitik<\/i> 1996, Alberdania<\/li>\n<li><i>Munduaren neurriak<\/i> 1998, BBK e Ikeder<\/li>\n<li><i>Gogoa zubi<\/i> 1999, Alberdania<\/li>\n<li><i>Muga-mugako zirriborroak (Edo pipi\u00f1oen kanpaina baten lehendabiziko zirriborroak)<\/i> 1999, Koldo Mitxelena Kulturuneko Erakustaretoa. Traducido al castellano como <i>Bocetos fronterizos: (o primeros bocetos para una campa\u00f1a contra la polillita)<\/i> (1999, Sala de Exposiciones Koldo Mitxelena Kulturunea)<\/li>\n<li><i>Mentura dugun artean<\/i> 2001, Alberdania.<\/li>\n<li><i>Eskarmentuaren paperak<\/i>, 2010, Alberdania. Traducido al castellano como <i>Vidas y otras dudas<\/i>. Gan\u00f3 el Premio Nacional de Literatura en la modalidad de ensayo en 2010.<\/li>\n<\/ul>\n<h3>Traducciones<\/h3>\n<ul>\n<li><i>Urrezko Astoa; Luzio Apuleio<\/i> (El asno de oro) 1996, Ibaizabal<\/li>\n<\/ul>\n<h3>Libros de viajes<\/h3>\n<ul>\n<li><i>Italia, bizitza lanbide<\/i> 2004, Alberdania \/ Berria<\/li>\n<\/ul>\n<h3>Biograf\u00eda<\/h3>\n<ul>\n<li><i>Martin Ugalde, leialtasun baten historia<\/i> 1997, Andoaingo Udala.<\/li>\n<\/ul>\n<h3>Direcci\u00f3n de cine<\/h3>\n<ul>\n<li>\u201cHamaseigarrenean, aidanez\u201d 1984<\/li>\n<li>\u201cKareletik\u201d 1987<\/li>\n<\/ul>\n<ul>\n<li>Premio Nacional de la Cr\u00edtica en narrativa y poes\u00eda, Hamaseigarrenean, aidanez (1893)<\/li>\n<li>Premio Nacional de la Cr\u00edtica en narrativa y poes\u00eda, Kapitain Frakasa (1991).<\/li>\n<li>Premio de Literatura de Euskadi, Argizariaren egunak (1999)<\/li>\n<li>Finalista del Premio Nacional de Literatura en modalidad de ensayo, Otto Pette (1994)<\/li>\n<li>Premio Nacional de Literatura en modalidad de ensayo, Eskarmentuaren paperak (2010)<\/li>\n<li>Premio Rosal\u00eda de Castro por la trayectoria literaria (2010)<\/li>\n<\/ul>\n","protected":false},"excerpt":{"rendered":"<p>Nacido en Orio en 1948. Naci\u00f3 en el baserri Andu, de ah\u00ed le viene su seud\u00f3nimo. Estudi\u00f3 en el Seminario de San Sebasti\u00e1n. Tiene las titulaciones de Magisterio (San Sebasti\u00e1n) y Licenciatura en Filosof\u00eda y Letras (Roma y Valencia). Fue profesor en la Ikastola Salbatore Mitxelena de Zarauz, de la cual fue director durante cuatro a\u00f1os. Vive en el mismo [&hellip;]<\/p>\n","protected":false},"author":2,"featured_media":10100,"parent":10346,"menu_order":58,"comment_status":"closed","ping_status":"closed","template":"","meta":{"_acf_changed":false,"footnotes":""},"categories":[81,83,119],"tags":[],"class_list":["post-10348","page","type-page","status-publish","has-post-thumbnail","hentry","category-actividades","category-lectura-de-clasicos","category-otto-pette-es"],"acf":[],"_links":{"self":[{"href":"https:\/\/bilbozaharra.eus\/es\/wp-json\/wp\/v2\/pages\/10348","targetHints":{"allow":["GET"]}}],"collection":[{"href":"https:\/\/bilbozaharra.eus\/es\/wp-json\/wp\/v2\/pages"}],"about":[{"href":"https:\/\/bilbozaharra.eus\/es\/wp-json\/wp\/v2\/types\/page"}],"author":[{"embeddable":true,"href":"https:\/\/bilbozaharra.eus\/es\/wp-json\/wp\/v2\/users\/2"}],"replies":[{"embeddable":true,"href":"https:\/\/bilbozaharra.eus\/es\/wp-json\/wp\/v2\/comments?post=10348"}],"version-history":[{"count":2,"href":"https:\/\/bilbozaharra.eus\/es\/wp-json\/wp\/v2\/pages\/10348\/revisions"}],"predecessor-version":[{"id":16312,"href":"https:\/\/bilbozaharra.eus\/es\/wp-json\/wp\/v2\/pages\/10348\/revisions\/16312"}],"up":[{"embeddable":true,"href":"https:\/\/bilbozaharra.eus\/es\/wp-json\/wp\/v2\/pages\/10346"}],"wp:featuredmedia":[{"embeddable":true,"href":"https:\/\/bilbozaharra.eus\/es\/wp-json\/wp\/v2\/media\/10100"}],"wp:attachment":[{"href":"https:\/\/bilbozaharra.eus\/es\/wp-json\/wp\/v2\/media?parent=10348"}],"wp:term":[{"taxonomy":"category","embeddable":true,"href":"https:\/\/bilbozaharra.eus\/es\/wp-json\/wp\/v2\/categories?post=10348"},{"taxonomy":"post_tag","embeddable":true,"href":"https:\/\/bilbozaharra.eus\/es\/wp-json\/wp\/v2\/tags?post=10348"}],"curies":[{"name":"wp","href":"https:\/\/api.w.org\/{rel}","templated":true}]}}