{"id":10346,"date":"2019-04-29T08:00:13","date_gmt":"2019-04-29T07:00:13","guid":{"rendered":"https:\/\/bilbozaharra.eus\/es\/forum-y-lectura\/lecturas-de-clasicos\/otto-pette\/"},"modified":"2025-07-18T16:57:25","modified_gmt":"2025-07-18T15:57:25","slug":"otto-pette","status":"publish","type":"page","link":"https:\/\/bilbozaharra.eus\/es\/forum-eta-irakurraldia\/lecturas-de-clasicos\/otto-pette\/","title":{"rendered":"\u201cOtto Pette\u201d"},"content":{"rendered":"<p>L@s alumn@s y profesor@s de<strong>\u00a0BILBO ZAHARRA<\/strong>\u00a0euskaltegia hemos organizado, dentro de la\u00a0<em>Fiesta de alumn@s<\/em>\u00a0de fin de curso, la\u00a0<em>Lectura de cl\u00e1sicos ininterrumpida.\u00a0<\/em>Lectura y fiesta.<\/p>\n<p>Llevamos ya doce ediciones, en los que nos hemos basado en distintos criterios a la hora de elegir qu\u00e9 obra leer. En las primeras cuatro ediciones, se eligieron de forma cronol\u00f3gica: Gero (1643), Peru Abarka (1804), Haur besoetakoa (1959), Hamaika pauso (1995). Empezamos con un libro del siglo XVI, seguimos con otro del XVII, llegamos hasta mediados del siglo XIX y casi acabamos en el siglo XXI. Tres saltos en el tiempo: dos de 160 a\u00f1os y otro de 50, dentro de la historia de la literatura vasca. Para la quinta edici\u00f3n, rompimos con ese criterio, para leer un libro de una mujer escritora: Zergatik panpox (1959). Para las sexta y la s\u00e9ptima ediciones, nos guiamos por la celebraci\u00f3n de aniversarios de primeras ediciones: m\u00e1s concretamente, los 25 y 50 a\u00f1os de Obabakoak (1989) y Harri<img decoding=\"async\" class=\"alignright wp-image-15989 \" src=\"https:\/\/bilbozaharra.eus\/wp-content\/uploads\/2025\/07\/otto-pette-300x439.jpg\" alt=\"\" width=\"258\" height=\"378\" srcset=\"https:\/\/bilbozaharra.eus\/wp-content\/uploads\/2025\/07\/otto-pette-300x439.jpg 300w, https:\/\/bilbozaharra.eus\/wp-content\/uploads\/2025\/07\/otto-pette-672x982.jpg 672w, https:\/\/bilbozaharra.eus\/wp-content\/uploads\/2025\/07\/otto-pette-480x702.jpg 480w, https:\/\/bilbozaharra.eus\/wp-content\/uploads\/2025\/07\/otto-pette.jpg 684w\" sizes=\"(max-width: 258px) 100vw, 258px\" \/> eta herri (1964) respectivamente Para la octava edici\u00f3n, reivindicamos la independencia de la literatura (y pol\u00edtica) con Narrazio guztiak de Joseba Sarrionandia. Para la novena edici\u00f3n, fue el a\u00f1o de la traducci\u00f3n, llev\u00e1ndose todo el protagonismo la Metamorfosis de Kafka. En la d\u00e9cima edici\u00f3n, elegimos el libro %100 Basque de Itxaro Borda, que a parte de ser un libro escrito por una escritora vasca, porque reivindica su forma de ser perif\u00e9rica. En la und\u00e9cima edici\u00f3n, tuvimos como protagonista a\u00a0 Txomin Agirre con Kresala, subrayando la importancia del dialecto vizca\u00edno y teniendo en cuenta el 100 aniversario de Euskaltzaindia y del euskera batua. Y por \u00faltimo, este a\u00f1o, y de nuevo celebrando un aniversario, celebramos que\u00a0<strong>Otto Pette<\/strong>\u00a0de\u00a0<strong>Anjel Lertxundi<\/strong>\u00a0cumple 25 a\u00f1os.<\/p>\n<p>Sin duda, es de gran importancia la fiesta que haremos el\u00a0<strong>6 de junio<\/strong>, como siempre, en el\u00a0<strong>teatro Arriaga<\/strong>. doce horas, 400 invitad@s, 50 casas vascas de todo el mundo,\u00a0agentes sociales\u2026 lectores y oyentes, est\u00e1is tod@s invitad@s a esta fiesta que une literatura y euskera.<\/p>\n<hr \/>\n","protected":false},"excerpt":{"rendered":"<p>L@s alumn@s y profesor@s de\u00a0BILBO ZAHARRA\u00a0euskaltegia hemos organizado, dentro de la\u00a0Fiesta de alumn@s\u00a0de fin de curso, la\u00a0Lectura de cl\u00e1sicos ininterrumpida.\u00a0Lectura y fiesta. Llevamos ya doce ediciones, en los que nos hemos basado en distintos criterios a la hora de elegir qu\u00e9 obra leer. En las primeras cuatro ediciones, se eligieron de forma cronol\u00f3gica: Gero (1643), Peru Abarka (1804), Haur besoetakoa [&hellip;]<\/p>\n","protected":false},"author":2,"featured_media":15859,"parent":7336,"menu_order":57,"comment_status":"closed","ping_status":"closed","template":"page-templates\/irakurketa.php","meta":{"_acf_changed":false,"footnotes":""},"categories":[162,119],"tags":[],"class_list":["post-10346","page","type-page","status-publish","has-post-thumbnail","hentry","category-lectura-de-clasicos-inicio","category-otto-pette-es"],"acf":[],"_links":{"self":[{"href":"https:\/\/bilbozaharra.eus\/es\/wp-json\/wp\/v2\/pages\/10346","targetHints":{"allow":["GET"]}}],"collection":[{"href":"https:\/\/bilbozaharra.eus\/es\/wp-json\/wp\/v2\/pages"}],"about":[{"href":"https:\/\/bilbozaharra.eus\/es\/wp-json\/wp\/v2\/types\/page"}],"author":[{"embeddable":true,"href":"https:\/\/bilbozaharra.eus\/es\/wp-json\/wp\/v2\/users\/2"}],"replies":[{"embeddable":true,"href":"https:\/\/bilbozaharra.eus\/es\/wp-json\/wp\/v2\/comments?post=10346"}],"version-history":[{"count":6,"href":"https:\/\/bilbozaharra.eus\/es\/wp-json\/wp\/v2\/pages\/10346\/revisions"}],"predecessor-version":[{"id":16337,"href":"https:\/\/bilbozaharra.eus\/es\/wp-json\/wp\/v2\/pages\/10346\/revisions\/16337"}],"up":[{"embeddable":true,"href":"https:\/\/bilbozaharra.eus\/es\/wp-json\/wp\/v2\/pages\/7336"}],"wp:featuredmedia":[{"embeddable":true,"href":"https:\/\/bilbozaharra.eus\/es\/wp-json\/wp\/v2\/media\/15859"}],"wp:attachment":[{"href":"https:\/\/bilbozaharra.eus\/es\/wp-json\/wp\/v2\/media?parent=10346"}],"wp:term":[{"taxonomy":"category","embeddable":true,"href":"https:\/\/bilbozaharra.eus\/es\/wp-json\/wp\/v2\/categories?post=10346"},{"taxonomy":"post_tag","embeddable":true,"href":"https:\/\/bilbozaharra.eus\/es\/wp-json\/wp\/v2\/tags?post=10346"}],"curies":[{"name":"wp","href":"https:\/\/api.w.org\/{rel}","templated":true}]}}